{"id":557,"date":"2022-09-22T12:11:37","date_gmt":"2022-09-22T10:11:37","guid":{"rendered":"https:\/\/www.escambiar.com\/?page_id=557"},"modified":"2022-09-22T12:11:37","modified_gmt":"2022-09-22T10:11:37","slug":"archives","status":"publish","type":"page","link":"https:\/\/www.escambiar.com\/index.php\/archives\/","title":{"rendered":"Archives"},"content":{"rendered":"\t\t<div data-elementor-type=\"wp-page\" data-elementor-id=\"557\" class=\"elementor elementor-557\">\n\t\t\t\t\t\t<section class=\"elementor-section elementor-top-section elementor-element elementor-element-146d203 elementor-section-boxed elementor-section-height-default elementor-section-height-default\" data-id=\"146d203\" data-element_type=\"section\" data-e-type=\"section\">\n\t\t\t\t\t\t<div class=\"elementor-container elementor-column-gap-default\">\n\t\t\t\t\t<div class=\"elementor-column elementor-col-50 elementor-top-column elementor-element elementor-element-f5bfd3e\" data-id=\"f5bfd3e\" data-element_type=\"column\" data-e-type=\"column\">\n\t\t\t<div class=\"elementor-widget-wrap elementor-element-populated\">\n\t\t\t\t\t\t<div class=\"elementor-element elementor-element-217e42e elementor-widget elementor-widget-image\" data-id=\"217e42e\" data-element_type=\"widget\" data-e-type=\"widget\" data-widget_type=\"image.default\">\n\t\t\t\t<div class=\"elementor-widget-container\">\n\t\t\t\t\t\t\t\t\t\t\t\t\t\t\t<img decoding=\"async\" width=\"154\" height=\"154\" src=\"https:\/\/www.escambiar.com\/wp-content\/uploads\/2020\/11\/bal.jpg\" class=\"attachment-large size-large wp-image-133\" alt=\"\" srcset=\"https:\/\/www.escambiar.com\/wp-content\/uploads\/2020\/11\/bal.jpg 154w, https:\/\/www.escambiar.com\/wp-content\/uploads\/2020\/11\/bal-150x150.jpg 150w\" sizes=\"(max-width: 154px) 100vw, 154px\" \/>\t\t\t\t\t\t\t\t\t\t\t\t\t\t\t<\/div>\n\t\t\t\t<\/div>\n\t\t\t\t\t<\/div>\n\t\t<\/div>\n\t\t\t\t<div class=\"elementor-column elementor-col-50 elementor-top-column elementor-element elementor-element-a06a171\" data-id=\"a06a171\" data-element_type=\"column\" data-e-type=\"column\">\n\t\t\t<div class=\"elementor-widget-wrap elementor-element-populated\">\n\t\t\t\t\t\t<div class=\"elementor-element elementor-element-e03c89d elementor-widget elementor-widget-text-editor\" data-id=\"e03c89d\" data-element_type=\"widget\" data-e-type=\"widget\" data-widget_type=\"text-editor.default\">\n\t\t\t\t<div class=\"elementor-widget-container\">\n\t\t\t\t\t\t\t\t\t<p style=\"text-align: justify;\">Le dernier dimanche de chaque mois, l&rsquo;association Escambiar vous propose de venir danser au rythme du groupe\u00a0<a class=\"motlien2\" href=\"https:\/\/www.facebook.com\/page.bombes.2.bal\/\" target=\"_blank\" rel=\"noopener\">Bombes 2 Bal<\/a>\u00a0et de leurs invit\u00e9s.<br \/>La salle des f\u00eates de Ramonville vous accueille un dimanche par mois pour une apr\u00e8s-midi r\u00e9cr\u00e9ative tout public, visant \u00e0 rassembler, par la musique et la danse, des g\u00e9n\u00e9rations diff\u00e9rentes, des personnes d&rsquo;horizons sociaux ou culturels divers.<br \/>En bref, c&rsquo;est l&rsquo;occasion d&rsquo;un partage inter-g\u00e9n\u00e9rationnel enrichissant et en musique comme on n&rsquo;en voit plus !<\/p><figure id=\"attachment_105\" aria-describedby=\"caption-attachment-105\" style=\"width: 300px\" class=\"wp-caption alignleft\"><img fetchpriority=\"high\" decoding=\"async\" class=\"size-medium wp-image-105\" src=\"https:\/\/www.escambiar.com\/wp-content\/uploads\/2020\/11\/galerie1-300x191.jpg\" alt=\"\" width=\"300\" height=\"191\" srcset=\"https:\/\/www.escambiar.com\/wp-content\/uploads\/2020\/11\/galerie1-300x191.jpg 300w, https:\/\/www.escambiar.com\/wp-content\/uploads\/2020\/11\/galerie1.jpg 376w\" sizes=\"(max-width: 300px) 100vw, 300px\" \/><figcaption id=\"caption-attachment-105\" class=\"wp-caption-text\">Bals du Dimanche Claude Sicre, sa fille, membre des Bombes 2 Bal ainsi que des membres de l&rsquo;association Escambiar<\/figcaption><\/figure><figure id=\"attachment_106\" aria-describedby=\"caption-attachment-106\" style=\"width: 300px\" class=\"wp-caption alignright\"><img decoding=\"async\" class=\"size-medium wp-image-106\" src=\"https:\/\/www.escambiar.com\/wp-content\/uploads\/2020\/11\/galerie2-300x190.jpg\" alt=\"\" width=\"300\" height=\"190\" srcset=\"https:\/\/www.escambiar.com\/wp-content\/uploads\/2020\/11\/galerie2-300x190.jpg 300w, https:\/\/www.escambiar.com\/wp-content\/uploads\/2020\/11\/galerie2.jpg 377w\" sizes=\"(max-width: 300px) 100vw, 300px\" \/><figcaption id=\"caption-attachment-106\" class=\"wp-caption-text\">Bals du Dimanche Les Bombes 2 Bal sur la sc\u00e8ne de la salle des f\u00eates de Ramonville font danser petits et grands tous les derniers dimanche du mois<\/figcaption><\/figure>\t\t\t\t\t\t\t\t<\/div>\n\t\t\t\t<\/div>\n\t\t\t\t\t<\/div>\n\t\t<\/div>\n\t\t\t\t\t<\/div>\n\t\t<\/section>\n\t\t\t\t<\/div>\n\t\t","protected":false},"excerpt":{"rendered":"<p>Le dernier dimanche de chaque mois, l&rsquo;association Escambiar vous propose de venir danser au rythme du groupe\u00a0Bombes 2 Bal\u00a0et de leurs invit\u00e9s.La salle des f\u00eates de Ramonville vous accueille un dimanche par mois pour une apr\u00e8s-midi r\u00e9cr\u00e9ative tout public, visant \u00e0 rassembler, par la musique et la danse, des g\u00e9n\u00e9rations diff\u00e9rentes, des personnes d&rsquo;horizons sociaux [&hellip;]<\/p>\n","protected":false},"author":1,"featured_media":0,"parent":0,"menu_order":0,"comment_status":"closed","ping_status":"closed","template":"","meta":{"ocean_post_layout":"","ocean_both_sidebars_style":"","ocean_both_sidebars_content_width":0,"ocean_both_sidebars_sidebars_width":0,"ocean_sidebar":"0","ocean_second_sidebar":"0","ocean_disable_margins":"enable","ocean_add_body_class":"","ocean_shortcode_before_top_bar":"","ocean_shortcode_after_top_bar":"","ocean_shortcode_before_header":"","ocean_shortcode_after_header":"","ocean_has_shortcode":"","ocean_shortcode_after_title":"","ocean_shortcode_before_footer_widgets":"","ocean_shortcode_after_footer_widgets":"","ocean_shortcode_before_footer_bottom":"","ocean_shortcode_after_footer_bottom":"","ocean_display_top_bar":"default","ocean_display_header":"default","ocean_header_style":"","ocean_center_header_left_menu":"0","ocean_custom_header_template":"0","ocean_custom_logo":0,"ocean_custom_retina_logo":0,"ocean_custom_logo_max_width":0,"ocean_custom_logo_tablet_max_width":0,"ocean_custom_logo_mobile_max_width":0,"ocean_custom_logo_max_height":0,"ocean_custom_logo_tablet_max_height":0,"ocean_custom_logo_mobile_max_height":0,"ocean_header_custom_menu":"0","ocean_menu_typo_font_family":"0","ocean_menu_typo_font_subset":"","ocean_menu_typo_font_size":0,"ocean_menu_typo_font_size_tablet":0,"ocean_menu_typo_font_size_mobile":0,"ocean_menu_typo_font_size_unit":"px","ocean_menu_typo_font_weight":"","ocean_menu_typo_font_weight_tablet":"","ocean_menu_typo_font_weight_mobile":"","ocean_menu_typo_transform":"","ocean_menu_typo_transform_tablet":"","ocean_menu_typo_transform_mobile":"","ocean_menu_typo_line_height":0,"ocean_menu_typo_line_height_tablet":0,"ocean_menu_typo_line_height_mobile":0,"ocean_menu_typo_line_height_unit":"","ocean_menu_typo_spacing":0,"ocean_menu_typo_spacing_tablet":0,"ocean_menu_typo_spacing_mobile":0,"ocean_menu_typo_spacing_unit":"","ocean_menu_link_color":"","ocean_menu_link_color_hover":"","ocean_menu_link_color_active":"","ocean_menu_link_background":"","ocean_menu_link_hover_background":"","ocean_menu_link_active_background":"","ocean_menu_social_links_bg":"","ocean_menu_social_hover_links_bg":"","ocean_menu_social_links_color":"","ocean_menu_social_hover_links_color":"","ocean_disable_title":"default","ocean_disable_heading":"default","ocean_post_title":"","ocean_post_subheading":"","ocean_post_title_style":"","ocean_post_title_background_color":"","ocean_post_title_background":0,"ocean_post_title_bg_image_position":"","ocean_post_title_bg_image_attachment":"","ocean_post_title_bg_image_repeat":"","ocean_post_title_bg_image_size":"","ocean_post_title_height":0,"ocean_post_title_bg_overlay":0.5,"ocean_post_title_bg_overlay_color":"","ocean_disable_breadcrumbs":"default","ocean_breadcrumbs_color":"","ocean_breadcrumbs_separator_color":"","ocean_breadcrumbs_links_color":"","ocean_breadcrumbs_links_hover_color":"","ocean_display_footer_widgets":"default","ocean_display_footer_bottom":"default","ocean_custom_footer_template":"0","footnotes":""},"class_list":["post-557","page","type-page","status-publish","hentry","entry"],"_links":{"self":[{"href":"https:\/\/www.escambiar.com\/index.php\/wp-json\/wp\/v2\/pages\/557","targetHints":{"allow":["GET"]}}],"collection":[{"href":"https:\/\/www.escambiar.com\/index.php\/wp-json\/wp\/v2\/pages"}],"about":[{"href":"https:\/\/www.escambiar.com\/index.php\/wp-json\/wp\/v2\/types\/page"}],"author":[{"embeddable":true,"href":"https:\/\/www.escambiar.com\/index.php\/wp-json\/wp\/v2\/users\/1"}],"replies":[{"embeddable":true,"href":"https:\/\/www.escambiar.com\/index.php\/wp-json\/wp\/v2\/comments?post=557"}],"version-history":[{"count":0,"href":"https:\/\/www.escambiar.com\/index.php\/wp-json\/wp\/v2\/pages\/557\/revisions"}],"wp:attachment":[{"href":"https:\/\/www.escambiar.com\/index.php\/wp-json\/wp\/v2\/media?parent=557"}],"curies":[{"name":"wp","href":"https:\/\/api.w.org\/{rel}","templated":true}]}}