{"id":500,"date":"2022-09-21T11:25:09","date_gmt":"2022-09-21T09:25:09","guid":{"rendered":"https:\/\/www.escambiar.com\/?page_id=500"},"modified":"2023-06-20T15:22:41","modified_gmt":"2023-06-20T13:22:41","slug":"le-nouveau-quartier-enchantant","status":"publish","type":"page","link":"https:\/\/www.escambiar.com\/index.php\/le-nouveau-quartier-enchantant\/","title":{"rendered":"Le Nouveau Quartier Enchantant"},"content":{"rendered":"\t\t<div data-elementor-type=\"wp-page\" data-elementor-id=\"500\" class=\"elementor elementor-500\">\n\t\t\t\t\t\t<section class=\"elementor-section elementor-top-section elementor-element elementor-element-fabd52f elementor-section-boxed elementor-section-height-default elementor-section-height-default\" data-id=\"fabd52f\" data-element_type=\"section\" data-e-type=\"section\">\n\t\t\t\t\t\t<div class=\"elementor-container elementor-column-gap-default\">\n\t\t\t\t\t<div class=\"elementor-column elementor-col-100 elementor-top-column elementor-element elementor-element-1ed1386\" data-id=\"1ed1386\" data-element_type=\"column\" data-e-type=\"column\">\n\t\t\t<div class=\"elementor-widget-wrap elementor-element-populated\">\n\t\t\t\t\t\t<div class=\"elementor-element elementor-element-5b7b964 elementor-widget elementor-widget-heading\" data-id=\"5b7b964\" data-element_type=\"widget\" data-e-type=\"widget\" data-widget_type=\"heading.default\">\n\t\t\t\t<div class=\"elementor-widget-container\">\n\t\t\t\t\t<h2 class=\"elementor-heading-title elementor-size-large\">LE NOUVEAU QUARTIER ENCHANTANT<\/h2>\t\t\t\t<\/div>\n\t\t\t\t<\/div>\n\t\t\t\t\t<\/div>\n\t\t<\/div>\n\t\t\t\t\t<\/div>\n\t\t<\/section>\n\t\t\t\t<section class=\"elementor-section elementor-top-section elementor-element elementor-element-469cfff elementor-section-boxed elementor-section-height-default elementor-section-height-default\" data-id=\"469cfff\" data-element_type=\"section\" data-e-type=\"section\">\n\t\t\t\t\t\t<div class=\"elementor-container elementor-column-gap-default\">\n\t\t\t\t\t<div class=\"elementor-column elementor-col-50 elementor-top-column elementor-element elementor-element-9f7e1c2\" data-id=\"9f7e1c2\" data-element_type=\"column\" data-e-type=\"column\">\n\t\t\t<div class=\"elementor-widget-wrap elementor-element-populated\">\n\t\t\t\t\t\t<div class=\"elementor-element elementor-element-be83ae9 elementor-widget elementor-widget-text-editor\" data-id=\"be83ae9\" data-element_type=\"widget\" data-e-type=\"widget\" data-widget_type=\"text-editor.default\">\n\t\t\t\t<div class=\"elementor-widget-container\">\n\t\t\t\t\t\t\t\t\t<p style=\"text-align: center;\"><strong><em>En fran\u00e7ais<\/em><\/strong><\/p>\t\t\t\t\t\t\t\t<\/div>\n\t\t\t\t<\/div>\n\t\t\t\t<div class=\"elementor-element elementor-element-62b1173 elementor-widget elementor-widget-image\" data-id=\"62b1173\" data-element_type=\"widget\" data-e-type=\"widget\" data-widget_type=\"image.default\">\n\t\t\t\t<div class=\"elementor-widget-container\">\n\t\t\t\t\t\t\t\t\t\t\t\t<figure class=\"wp-caption\">\n\t\t\t\t\t\t\t\t\t\t\t<a href=\"https:\/\/www.escambiar.com\/wp-content\/uploads\/2022\/09\/Quartier-Enchantant2.jpg\">\n\t\t\t\t\t\t\t<img fetchpriority=\"high\" decoding=\"async\" width=\"1024\" height=\"768\" src=\"https:\/\/www.escambiar.com\/wp-content\/uploads\/2022\/09\/Quartier-Enchantant2-1024x768.jpg\" class=\"attachment-large size-large wp-image-508\" alt=\"\" srcset=\"https:\/\/www.escambiar.com\/wp-content\/uploads\/2022\/09\/Quartier-Enchantant2-1024x768.jpg 1024w, https:\/\/www.escambiar.com\/wp-content\/uploads\/2022\/09\/Quartier-Enchantant2-300x225.jpg 300w, https:\/\/www.escambiar.com\/wp-content\/uploads\/2022\/09\/Quartier-Enchantant2-768x576.jpg 768w, https:\/\/www.escambiar.com\/wp-content\/uploads\/2022\/09\/Quartier-Enchantant2.jpg 1536w\" sizes=\"(max-width: 1024px) 100vw, 1024px\" \/>\t\t\t\t\t\t\t\t<\/a>\n\t\t\t\t\t\t\t\t\t\t\t<figcaption class=\"widget-image-caption wp-caption-text\">Photo : G Arbiol Droits r\u00e9serv\u00e9s<\/figcaption>\n\t\t\t\t\t\t\t\t\t\t<\/figure>\n\t\t\t\t\t\t\t\t\t<\/div>\n\t\t\t\t<\/div>\n\t\t\t\t\t<\/div>\n\t\t<\/div>\n\t\t\t\t<div class=\"elementor-column elementor-col-50 elementor-top-column elementor-element elementor-element-704e5cd\" data-id=\"704e5cd\" data-element_type=\"column\" data-e-type=\"column\">\n\t\t\t<div class=\"elementor-widget-wrap elementor-element-populated\">\n\t\t\t\t\t\t<div class=\"elementor-element elementor-element-23811e6 elementor-widget elementor-widget-text-editor\" data-id=\"23811e6\" data-element_type=\"widget\" data-e-type=\"widget\" data-widget_type=\"text-editor.default\">\n\t\t\t\t<div class=\"elementor-widget-container\">\n\t\t\t\t\t\t\t\t\t<div class=\"elementToProof\" style=\"text-align: center;\"><span style=\"font-size: 14pt;\">Spectacle musical jeune public<\/span><br \/>\u00e0 partir de 4 ans<br \/><span class=\"ContentPasted0\">(disponible en fran\u00e7ais et en occitan\/fran\u00e7ais)<\/span><\/div><div>\u00a0<\/div><div class=\"elementToProof\"><div style=\"text-align: center;\">D&rsquo;apr\u00e8s les livres-disques pour enfants de Claude SICRE<\/div><div style=\"text-align: center;\">\u00ab\u00a0Le Quartier Enchantant\u00a0\u00bb et \u00ab\u00a0Des Nouvelles du Quartier Enchantant\u00a0\u00bb<\/div><div style=\"text-align: center;\">(Actes Sud Junior \/ t\u00f4t Ou tard, collection \u00ab toto Ou tartare \u00bb, 2006 \/ 2008)<\/div><div>\u00a0<\/div><div>A partir de 4 ans<\/div><div>Dur\u00e9e : 40\/45 min<b>\u00a0<\/b><\/div><\/div><div class=\"elementToProof\"><b>\u00a0<\/b><\/div><div class=\"elementToProof\"><div style=\"text-align: justify;\">\u00ab Zaza habite le Quartier Enchantant, o\u00f9 les habitants font des choses extraordinaires&#8230; et inventent des chansons \u00e0 chaque petite ou grande occasion ! Que ce soit pour un anniversaire ou pour un d\u00e9m\u00e9nagement, tout le monde participe et chacun peut s&rsquo;amuser \u00e0 improviser&#8230; \u00bb<\/div><div style=\"text-align: justify;\">\u00a0<\/div><div style=\"text-align: justify;\">Le Nouveau Quartier Enchantant raconte une histoire qui montre aux enfants comment devenir de vrais h\u00e9ros de la vie quotidienne, par des actes de solidarit\u00e9. Dans ce spectacle musical, l&rsquo;invention des chansons et l&rsquo;invention des actes de solidarit\u00e9 vont ensemble : tous les personnages y participent. Le public s&rsquo;identifie \u00e0 ces personnages, et par solidarit\u00e9 avec eux, se m\u00eale \u00e0 l&rsquo;action en chantant et en improvisant comme le fait dans l&rsquo;histoire la population du quartier.<\/div><\/div>\t\t\t\t\t\t\t\t<\/div>\n\t\t\t\t<\/div>\n\t\t\t\t\t<\/div>\n\t\t<\/div>\n\t\t\t\t\t<\/div>\n\t\t<\/section>\n\t\t\t\t<section class=\"elementor-section elementor-top-section elementor-element elementor-element-637f7f6 elementor-section-boxed elementor-section-height-default elementor-section-height-default\" data-id=\"637f7f6\" data-element_type=\"section\" data-e-type=\"section\">\n\t\t\t\t\t\t<div class=\"elementor-container elementor-column-gap-default\">\n\t\t\t\t\t<div class=\"elementor-column elementor-col-50 elementor-top-column elementor-element elementor-element-3e88647\" data-id=\"3e88647\" data-element_type=\"column\" data-e-type=\"column\">\n\t\t\t<div class=\"elementor-widget-wrap elementor-element-populated\">\n\t\t\t\t\t\t<div class=\"elementor-element elementor-element-4ba6a85 elementor-widget elementor-widget-video\" data-id=\"4ba6a85\" data-element_type=\"widget\" data-e-type=\"widget\" data-settings=\"{&quot;youtube_url&quot;:&quot;https:\\\/\\\/youtu.be\\\/B5qOvRHebYM&quot;,&quot;video_type&quot;:&quot;youtube&quot;,&quot;controls&quot;:&quot;yes&quot;}\" data-widget_type=\"video.default\">\n\t\t\t\t<div class=\"elementor-widget-container\">\n\t\t\t\t\t\t\t<div class=\"elementor-wrapper elementor-open-inline\">\n\t\t\t<div class=\"elementor-video\"><\/div>\t\t<\/div>\n\t\t\t\t\t\t<\/div>\n\t\t\t\t<\/div>\n\t\t\t\t\t<\/div>\n\t\t<\/div>\n\t\t\t\t<div class=\"elementor-column elementor-col-50 elementor-top-column elementor-element elementor-element-a39e927\" data-id=\"a39e927\" data-element_type=\"column\" data-e-type=\"column\">\n\t\t\t<div class=\"elementor-widget-wrap elementor-element-populated\">\n\t\t\t\t\t\t<div class=\"elementor-element elementor-element-4bca6d9 elementor-widget elementor-widget-text-editor\" data-id=\"4bca6d9\" data-element_type=\"widget\" data-e-type=\"widget\" data-widget_type=\"text-editor.default\">\n\t\t\t\t<div class=\"elementor-widget-container\">\n\t\t\t\t\t\t\t\t\t<p style=\"text-align: center;\"><strong><em>En occitan et en fran\u00e7ais<\/em><\/strong><\/p>\t\t\t\t\t\t\t\t<\/div>\n\t\t\t\t<\/div>\n\t\t\t\t<div class=\"elementor-element elementor-element-256e0ac elementor-widget elementor-widget-image\" data-id=\"256e0ac\" data-element_type=\"widget\" data-e-type=\"widget\" data-widget_type=\"image.default\">\n\t\t\t\t<div class=\"elementor-widget-container\">\n\t\t\t\t\t\t\t\t\t\t\t\t<figure class=\"wp-caption\">\n\t\t\t\t\t\t\t\t\t\t\t<a href=\"https:\/\/www.escambiar.com\/wp-content\/uploads\/2022\/09\/Quartier-Enchantant-scaled-1.jpg\">\n\t\t\t\t\t\t\t<img decoding=\"async\" width=\"1947\" height=\"2560\" src=\"https:\/\/www.escambiar.com\/wp-content\/uploads\/2022\/09\/Quartier-Enchantant-scaled-1.jpg\" class=\"attachment-full size-full wp-image-503\" alt=\"\" srcset=\"https:\/\/www.escambiar.com\/wp-content\/uploads\/2022\/09\/Quartier-Enchantant-scaled-1.jpg 1947w, https:\/\/www.escambiar.com\/wp-content\/uploads\/2022\/09\/Quartier-Enchantant-scaled-1-228x300.jpg 228w, https:\/\/www.escambiar.com\/wp-content\/uploads\/2022\/09\/Quartier-Enchantant-scaled-1-779x1024.jpg 779w, https:\/\/www.escambiar.com\/wp-content\/uploads\/2022\/09\/Quartier-Enchantant-scaled-1-768x1010.jpg 768w, https:\/\/www.escambiar.com\/wp-content\/uploads\/2022\/09\/Quartier-Enchantant-scaled-1-1168x1536.jpg 1168w, https:\/\/www.escambiar.com\/wp-content\/uploads\/2022\/09\/Quartier-Enchantant-scaled-1-1558x2048.jpg 1558w\" sizes=\"(max-width: 1947px) 100vw, 1947px\" \/>\t\t\t\t\t\t\t\t<\/a>\n\t\t\t\t\t\t\t\t\t\t\t<figcaption class=\"widget-image-caption wp-caption-text\">Photo : Marie Auriol<\/figcaption>\n\t\t\t\t\t\t\t\t\t\t<\/figure>\n\t\t\t\t\t\t\t\t\t<\/div>\n\t\t\t\t<\/div>\n\t\t\t\t\t<\/div>\n\t\t<\/div>\n\t\t\t\t\t<\/div>\n\t\t<\/section>\n\t\t\t\t<\/div>\n\t\t","protected":false},"excerpt":{"rendered":"<p>LE NOUVEAU QUARTIER ENCHANTANT En fran\u00e7ais Photo : G Arbiol Droits r\u00e9serv\u00e9s Spectacle musical jeune public\u00e0 partir de 4 ans(disponible en fran\u00e7ais et en occitan\/fran\u00e7ais)\u00a0D&rsquo;apr\u00e8s les livres-disques pour enfants de Claude SICRE\u00a0\u00bbLe Quartier Enchantant\u00a0\u00bb et \u00ab\u00a0Des Nouvelles du Quartier Enchantant\u00a0\u00bb(Actes Sud Junior \/ t\u00f4t Ou tard, collection \u00ab toto Ou tartare \u00bb, 2006 \/ 2008)\u00a0A [&hellip;]<\/p>\n","protected":false},"author":1,"featured_media":0,"parent":0,"menu_order":0,"comment_status":"closed","ping_status":"closed","template":"","meta":{"ocean_post_layout":"","ocean_both_sidebars_style":"","ocean_both_sidebars_content_width":0,"ocean_both_sidebars_sidebars_width":0,"ocean_sidebar":"0","ocean_second_sidebar":"0","ocean_disable_margins":"enable","ocean_add_body_class":"","ocean_shortcode_before_top_bar":"","ocean_shortcode_after_top_bar":"","ocean_shortcode_before_header":"","ocean_shortcode_after_header":"","ocean_has_shortcode":"","ocean_shortcode_after_title":"","ocean_shortcode_before_footer_widgets":"","ocean_shortcode_after_footer_widgets":"","ocean_shortcode_before_footer_bottom":"","ocean_shortcode_after_footer_bottom":"","ocean_display_top_bar":"default","ocean_display_header":"default","ocean_header_style":"","ocean_center_header_left_menu":"0","ocean_custom_header_template":"0","ocean_custom_logo":0,"ocean_custom_retina_logo":0,"ocean_custom_logo_max_width":0,"ocean_custom_logo_tablet_max_width":0,"ocean_custom_logo_mobile_max_width":0,"ocean_custom_logo_max_height":0,"ocean_custom_logo_tablet_max_height":0,"ocean_custom_logo_mobile_max_height":0,"ocean_header_custom_menu":"0","ocean_menu_typo_font_family":"0","ocean_menu_typo_font_subset":"","ocean_menu_typo_font_size":0,"ocean_menu_typo_font_size_tablet":0,"ocean_menu_typo_font_size_mobile":0,"ocean_menu_typo_font_size_unit":"px","ocean_menu_typo_font_weight":"","ocean_menu_typo_font_weight_tablet":"","ocean_menu_typo_font_weight_mobile":"","ocean_menu_typo_transform":"","ocean_menu_typo_transform_tablet":"","ocean_menu_typo_transform_mobile":"","ocean_menu_typo_line_height":0,"ocean_menu_typo_line_height_tablet":0,"ocean_menu_typo_line_height_mobile":0,"ocean_menu_typo_line_height_unit":"","ocean_menu_typo_spacing":0,"ocean_menu_typo_spacing_tablet":0,"ocean_menu_typo_spacing_mobile":0,"ocean_menu_typo_spacing_unit":"","ocean_menu_link_color":"","ocean_menu_link_color_hover":"","ocean_menu_link_color_active":"","ocean_menu_link_background":"","ocean_menu_link_hover_background":"","ocean_menu_link_active_background":"","ocean_menu_social_links_bg":"","ocean_menu_social_hover_links_bg":"","ocean_menu_social_links_color":"","ocean_menu_social_hover_links_color":"","ocean_disable_title":"default","ocean_disable_heading":"default","ocean_post_title":"","ocean_post_subheading":"","ocean_post_title_style":"","ocean_post_title_background_color":"","ocean_post_title_background":0,"ocean_post_title_bg_image_position":"","ocean_post_title_bg_image_attachment":"","ocean_post_title_bg_image_repeat":"","ocean_post_title_bg_image_size":"","ocean_post_title_height":0,"ocean_post_title_bg_overlay":0.5,"ocean_post_title_bg_overlay_color":"","ocean_disable_breadcrumbs":"default","ocean_breadcrumbs_color":"","ocean_breadcrumbs_separator_color":"","ocean_breadcrumbs_links_color":"","ocean_breadcrumbs_links_hover_color":"","ocean_display_footer_widgets":"default","ocean_display_footer_bottom":"default","ocean_custom_footer_template":"0","footnotes":""},"class_list":["post-500","page","type-page","status-publish","hentry","entry"],"_links":{"self":[{"href":"https:\/\/www.escambiar.com\/index.php\/wp-json\/wp\/v2\/pages\/500","targetHints":{"allow":["GET"]}}],"collection":[{"href":"https:\/\/www.escambiar.com\/index.php\/wp-json\/wp\/v2\/pages"}],"about":[{"href":"https:\/\/www.escambiar.com\/index.php\/wp-json\/wp\/v2\/types\/page"}],"author":[{"embeddable":true,"href":"https:\/\/www.escambiar.com\/index.php\/wp-json\/wp\/v2\/users\/1"}],"replies":[{"embeddable":true,"href":"https:\/\/www.escambiar.com\/index.php\/wp-json\/wp\/v2\/comments?post=500"}],"version-history":[{"count":49,"href":"https:\/\/www.escambiar.com\/index.php\/wp-json\/wp\/v2\/pages\/500\/revisions"}],"predecessor-version":[{"id":1626,"href":"https:\/\/www.escambiar.com\/index.php\/wp-json\/wp\/v2\/pages\/500\/revisions\/1626"}],"wp:attachment":[{"href":"https:\/\/www.escambiar.com\/index.php\/wp-json\/wp\/v2\/media?parent=500"}],"curies":[{"name":"wp","href":"https:\/\/api.w.org\/{rel}","templated":true}]}}