{"id":423,"date":"2022-02-15T13:27:11","date_gmt":"2022-02-15T12:27:11","guid":{"rendered":"https:\/\/www.escambiar.com\/?page_id=423"},"modified":"2023-03-29T11:10:57","modified_gmt":"2023-03-29T09:10:57","slug":"le-quartier-enchantant","status":"publish","type":"page","link":"https:\/\/www.escambiar.com\/index.php\/le-quartier-enchantant\/","title":{"rendered":"Le quartier enchantant"},"content":{"rendered":"\t\t<div data-elementor-type=\"wp-page\" data-elementor-id=\"423\" class=\"elementor elementor-423\">\n\t\t\t\t\t\t<section class=\"elementor-section elementor-top-section elementor-element elementor-element-850adc2 elementor-section-boxed elementor-section-height-default elementor-section-height-default\" data-id=\"850adc2\" data-element_type=\"section\" data-e-type=\"section\">\n\t\t\t\t\t\t<div class=\"elementor-container elementor-column-gap-default\">\n\t\t\t\t\t<div class=\"elementor-column elementor-col-100 elementor-top-column elementor-element elementor-element-2210ed0\" data-id=\"2210ed0\" data-element_type=\"column\" data-e-type=\"column\">\n\t\t\t<div class=\"elementor-widget-wrap elementor-element-populated\">\n\t\t\t\t\t\t<div class=\"elementor-element elementor-element-cba0d95 elementor-widget elementor-widget-heading\" data-id=\"cba0d95\" data-element_type=\"widget\" data-e-type=\"widget\" data-widget_type=\"heading.default\">\n\t\t\t\t<div class=\"elementor-widget-container\">\n\t\t\t\t\t<h2 class=\"elementor-heading-title elementor-size-large\">LE QUARTIER ENCHANTANT<\/h2>\t\t\t\t<\/div>\n\t\t\t\t<\/div>\n\t\t\t\t\t<\/div>\n\t\t<\/div>\n\t\t\t\t\t<\/div>\n\t\t<\/section>\n\t\t\t\t<section class=\"elementor-section elementor-top-section elementor-element elementor-element-934576b elementor-section-boxed elementor-section-height-default elementor-section-height-default\" data-id=\"934576b\" data-element_type=\"section\" data-e-type=\"section\">\n\t\t\t\t\t\t<div class=\"elementor-container elementor-column-gap-default\">\n\t\t\t\t\t<div class=\"elementor-column elementor-col-50 elementor-top-column elementor-element elementor-element-fa798fd\" data-id=\"fa798fd\" data-element_type=\"column\" data-e-type=\"column\">\n\t\t\t<div class=\"elementor-widget-wrap elementor-element-populated\">\n\t\t\t\t\t\t<div class=\"elementor-element elementor-element-de1056f elementor-widget elementor-widget-image\" data-id=\"de1056f\" data-element_type=\"widget\" data-e-type=\"widget\" data-widget_type=\"image.default\">\n\t\t\t\t<div class=\"elementor-widget-container\">\n\t\t\t\t\t\t\t\t\t\t\t\t\t\t\t<img fetchpriority=\"high\" decoding=\"async\" width=\"297\" height=\"300\" src=\"https:\/\/www.escambiar.com\/wp-content\/uploads\/2022\/02\/Quartier-enchantant-297x300.jpg\" class=\"attachment-medium size-medium wp-image-426\" alt=\"\" srcset=\"https:\/\/www.escambiar.com\/wp-content\/uploads\/2022\/02\/Quartier-enchantant-297x300.jpg 297w, https:\/\/www.escambiar.com\/wp-content\/uploads\/2022\/02\/Quartier-enchantant-1015x1024.jpg 1015w, https:\/\/www.escambiar.com\/wp-content\/uploads\/2022\/02\/Quartier-enchantant-768x774.jpg 768w, https:\/\/www.escambiar.com\/wp-content\/uploads\/2022\/02\/Quartier-enchantant-1523x1536.jpg 1523w, https:\/\/www.escambiar.com\/wp-content\/uploads\/2022\/02\/Quartier-enchantant-2031x2048.jpg 2031w\" sizes=\"(max-width: 297px) 100vw, 297px\" \/>\t\t\t\t\t\t\t\t\t\t\t\t\t\t\t<\/div>\n\t\t\t\t<\/div>\n\t\t\t\t\t<\/div>\n\t\t<\/div>\n\t\t\t\t<div class=\"elementor-column elementor-col-50 elementor-top-column elementor-element elementor-element-743c003\" data-id=\"743c003\" data-element_type=\"column\" data-e-type=\"column\">\n\t\t\t<div class=\"elementor-widget-wrap elementor-element-populated\">\n\t\t\t\t\t\t<div class=\"elementor-element elementor-element-a44537d elementor-widget elementor-widget-text-editor\" data-id=\"a44537d\" data-element_type=\"widget\" data-e-type=\"widget\" data-widget_type=\"text-editor.default\">\n\t\t\t\t<div class=\"elementor-widget-container\">\n\t\t\t\t\t\t\t\t\t<iframe width=\"560\" height=\"315\" src=\"https:\/\/www.youtube.com\/embed\/videoseries?list=OLAK5uy_nw2Ps1PNgmgWGt8cTgmZ93WvE8CYpxLQM\" title=\"YouTube video player\" frameborder=\"0\" allow=\"accelerometer; autoplay; clipboard-write; encrypted-media; gyroscope; picture-in-picture\" allowfullscreen><\/iframe>\n\n<strong>Le quartier enchantant<\/strong>\u00a0<em>(LU PAR FABULOUS TROBADORS ET BOMBES 2 BAL) Claude Sicre, Tom Schamp Actes Sud Junior Toto Ou Tartare 31 Octobre 2006 Jeunesse<\/em>\n<p style=\"text-align: justify;\">\u00c0 propos :\u00a0Zaza habite le quartier enchantant, o\u00f9 les habitants font des choses extraordinaires\u2026\nEt inventent des chansons \u00e0 chaque petite ou grande occasion ! que ce soit pour un anniversaire ou pour un d\u00e9m\u00e9nagement, tout le monde participe et chacun peut s\u2019amuser \u00e0 improviser\u2026\nhttps:\/\/halldulivre.com\/livre\/9782742764402-le-quartier-enchantant-claude-sicre-tom-schamp\/<\/p>\t\t\t\t\t\t\t\t<\/div>\n\t\t\t\t<\/div>\n\t\t\t\t\t<\/div>\n\t\t<\/div>\n\t\t\t\t\t<\/div>\n\t\t<\/section>\n\t\t\t\t<section class=\"elementor-section elementor-top-section elementor-element elementor-element-2156815 elementor-section-boxed elementor-section-height-default elementor-section-height-default\" data-id=\"2156815\" data-element_type=\"section\" data-e-type=\"section\">\n\t\t\t\t\t\t<div class=\"elementor-container elementor-column-gap-default\">\n\t\t\t\t\t<div class=\"elementor-column elementor-col-50 elementor-top-column elementor-element elementor-element-b67ac9c\" data-id=\"b67ac9c\" data-element_type=\"column\" data-e-type=\"column\">\n\t\t\t<div class=\"elementor-widget-wrap elementor-element-populated\">\n\t\t\t\t\t\t<div class=\"elementor-element elementor-element-fbdd345 elementor-widget elementor-widget-text-editor\" data-id=\"fbdd345\" data-element_type=\"widget\" data-e-type=\"widget\" data-widget_type=\"text-editor.default\">\n\t\t\t\t<div class=\"elementor-widget-container\">\n\t\t\t\t\t\t\t\t\t<p><strong>Des nouvelles du quartier enchantant<\/strong><br \/><em>Claude Sicre (Auteur) Livre avec un CD audio Paru en octobre 2008 Contes et l\u00e9gendes jeunesse (Livre CD)<\/em><\/p><p>https:\/\/halldulivre.com\/livre\/9782742778126-des-nouvelles-du-quartier-enchantant-claude-sicre\/<\/p><p style=\"text-align: justify;\">\u00c0 propos : Zaza est partie en vacances, mais au Quartier enchantant, la vie continue ! Du lundi au dimanche, une semaine de la vie dans ce quartier o\u00f9 la bonne humeur et le bonheur d\u2019\u00eatre ensemble rythment les journ\u00e9es des habitants. M\u00eame quand tout ne va pas bien, il y a toujours une chanson \u00e0 inventer. Et surtout, on peut s\u2019entraider ! Au Quartier enchantant, les enfants sont tr\u00e8s entreprenants et entra\u00eenent tout le monde dans leurs rondes. Il se passe toujours quelque chose de passionnant : on y apprend les liens sociaux, la d\u00e9mocratie, la solidarit\u00e9\u2026 en chantant, bien \u00e9videmment ! Dans le disque, on retrouvera Claude Sicre des Fabulous Trobadors, de nouveaux groupes de l\u2019association Escambiar : Estela dou Coqe, Nouveaux Cantadors, et aussi Magyd Cherfi\u2026<\/p>\t\t\t\t\t\t\t\t<\/div>\n\t\t\t\t<\/div>\n\t\t\t\t\t<\/div>\n\t\t<\/div>\n\t\t\t\t<div class=\"elementor-column elementor-col-50 elementor-top-column elementor-element elementor-element-233df96\" data-id=\"233df96\" data-element_type=\"column\" data-e-type=\"column\">\n\t\t\t<div class=\"elementor-widget-wrap elementor-element-populated\">\n\t\t\t\t\t\t<div class=\"elementor-element elementor-element-a21b04a elementor-widget elementor-widget-image\" data-id=\"a21b04a\" data-element_type=\"widget\" data-e-type=\"widget\" data-widget_type=\"image.default\">\n\t\t\t\t<div class=\"elementor-widget-container\">\n\t\t\t\t\t\t\t\t\t\t\t\t\t\t\t<img decoding=\"async\" width=\"300\" height=\"300\" src=\"https:\/\/www.escambiar.com\/wp-content\/uploads\/2022\/02\/Couv_Nouvelles-du-quartier-300x300.jpg\" class=\"attachment-medium size-medium wp-image-428\" alt=\"\" srcset=\"https:\/\/www.escambiar.com\/wp-content\/uploads\/2022\/02\/Couv_Nouvelles-du-quartier-300x300.jpg 300w, https:\/\/www.escambiar.com\/wp-content\/uploads\/2022\/02\/Couv_Nouvelles-du-quartier-1024x1024.jpg 1024w, https:\/\/www.escambiar.com\/wp-content\/uploads\/2022\/02\/Couv_Nouvelles-du-quartier-150x150.jpg 150w, https:\/\/www.escambiar.com\/wp-content\/uploads\/2022\/02\/Couv_Nouvelles-du-quartier-768x768.jpg 768w, https:\/\/www.escambiar.com\/wp-content\/uploads\/2022\/02\/Couv_Nouvelles-du-quartier-1536x1536.jpg 1536w, https:\/\/www.escambiar.com\/wp-content\/uploads\/2022\/02\/Couv_Nouvelles-du-quartier-2048x2048.jpg 2048w\" sizes=\"(max-width: 300px) 100vw, 300px\" \/>\t\t\t\t\t\t\t\t\t\t\t\t\t\t\t<\/div>\n\t\t\t\t<\/div>\n\t\t\t\t\t<\/div>\n\t\t<\/div>\n\t\t\t\t\t<\/div>\n\t\t<\/section>\n\t\t\t\t<section class=\"elementor-section elementor-top-section elementor-element elementor-element-fb39be0 elementor-section-boxed elementor-section-height-default elementor-section-height-default\" data-id=\"fb39be0\" data-element_type=\"section\" data-e-type=\"section\">\n\t\t\t\t\t\t<div class=\"elementor-container elementor-column-gap-default\">\n\t\t\t\t\t<div class=\"elementor-column elementor-col-50 elementor-top-column elementor-element elementor-element-0928ed0\" data-id=\"0928ed0\" data-element_type=\"column\" data-e-type=\"column\">\n\t\t\t<div class=\"elementor-widget-wrap elementor-element-populated\">\n\t\t\t\t\t\t<div class=\"elementor-element elementor-element-98f2fd1 elementor-widget elementor-widget-video\" data-id=\"98f2fd1\" data-element_type=\"widget\" data-e-type=\"widget\" data-settings=\"{&quot;youtube_url&quot;:&quot;https:\\\/\\\/youtu.be\\\/2_mbT-22DgY&quot;,&quot;video_type&quot;:&quot;youtube&quot;,&quot;controls&quot;:&quot;yes&quot;}\" data-widget_type=\"video.default\">\n\t\t\t\t<div class=\"elementor-widget-container\">\n\t\t\t\t\t\t\t<div class=\"elementor-wrapper elementor-open-inline\">\n\t\t\t<div class=\"elementor-video\"><\/div>\t\t<\/div>\n\t\t\t\t\t\t<\/div>\n\t\t\t\t<\/div>\n\t\t\t\t\t<\/div>\n\t\t<\/div>\n\t\t\t\t<div class=\"elementor-column elementor-col-50 elementor-top-column elementor-element elementor-element-fe86109\" data-id=\"fe86109\" data-element_type=\"column\" data-e-type=\"column\">\n\t\t\t<div class=\"elementor-widget-wrap elementor-element-populated\">\n\t\t\t\t\t\t<div class=\"elementor-element elementor-element-d39b30f elementor-widget elementor-widget-text-editor\" data-id=\"d39b30f\" data-element_type=\"widget\" data-e-type=\"widget\" data-widget_type=\"text-editor.default\">\n\t\t\t\t<div class=\"elementor-widget-container\">\n\t\t\t\t\t\t\t\t\t<p>\u00a0<\/p><p>Interview de Claude Sicre, auteur du \u00ab\u00a0Quartier Enchantant\u00a0\u00bb, spectacle musical, \u00e0 l&rsquo;occasion des spectacles donn\u00e9s pendant le festival Luluberlu d&rsquo;Odyssud \u00e0 Blagnac.<\/p>\t\t\t\t\t\t\t\t<\/div>\n\t\t\t\t<\/div>\n\t\t\t\t\t<\/div>\n\t\t<\/div>\n\t\t\t\t\t<\/div>\n\t\t<\/section>\n\t\t\t\t<section class=\"elementor-section elementor-top-section elementor-element elementor-element-ee35bc5 elementor-section-boxed elementor-section-height-default elementor-section-height-default\" data-id=\"ee35bc5\" data-element_type=\"section\" data-e-type=\"section\">\n\t\t\t\t\t\t<div class=\"elementor-container elementor-column-gap-default\">\n\t\t\t\t\t<div class=\"elementor-column elementor-col-100 elementor-top-column elementor-element elementor-element-4b125c7\" data-id=\"4b125c7\" data-element_type=\"column\" data-e-type=\"column\">\n\t\t\t<div class=\"elementor-widget-wrap elementor-element-populated\">\n\t\t\t\t\t\t<div class=\"elementor-element elementor-element-0311ad2 elementor-widget elementor-widget-text-editor\" data-id=\"0311ad2\" data-element_type=\"widget\" data-e-type=\"widget\" data-widget_type=\"text-editor.default\">\n\t\t\t\t<div class=\"elementor-widget-container\">\n\t\t\t\t\t\t\t\t\t<div class=\"col\"><div class=\"VideoInfo__titleAndExpandButton___2jTDa\"><div class=\"VideoInfoTitle__titleContainer___AzcMF\"><h1 id=\"media-title\" class=\"VideoInfoTitle__videoTitle___UDnVC\">Concert : Enchantons le quartier<\/h1><\/div><\/div><\/div><div class=\"col\"><div class=\"ChannelLine__channelLine___2rGdC VideoInfo__channelLine___QPqma\"><div class=\"ChannelLine__channelName___1tEki\">BibToulouse<\/div><div class=\"ChannelLine__followButtonContainer___5EZxf\">\u00a0<\/div><\/div><\/div><div class=\"col VideoInfo__descriptionSection___qhVFQ VideoInfo__showOnLargeOrDeployed___3yu6j\"><div class=\"VideoInfoDescription__videoInfoDescription___1avHH\"><div class=\"VideoInfoDescription__descriptionText___3wvx1 VideoInfoDescription__expanded___zFljP\"><table style=\"border-collapse: collapse; width: 100%;\"><tbody><tr><td style=\"width: 50%; text-align: justify;\">Par Flore Sicre &amp; Aur\u00e9lie Neuville (Tambourin, voix),<br \/>Olivier Fedou (Guitare), Guillaume Cartron (Claviers).<br \/>Le quartier id\u00e9al ? Oui, il existe. Reconstitu\u00e9 sur<br \/>sc\u00e8ne, il regroupe les populations de toutes les<br \/>g\u00e9n\u00e9rations, de tous les horizons professionnels,<br \/>nationaux ou culturels. Quel est son secret ? La<br \/>chanson, la musique et les comptines de la r\u00e9cr\u00e9<br \/>rythm\u00e9es au son du tambourin qui lient les individus<br \/>quel que soient leurs milieux. Venez vite nous<br \/>rejoindre pour chanter ce quartier avec la chorale<br \/>civique du quartier Arnaud Bernard.<\/td><td style=\"width: 50%;\"><div style=\"position: relative; padding-bottom: 56.25%; height: 0; overflow: hidden;\"><iframe style=\"width: 100%; height: 100%; position: absolute; left: 0px; top: 0px; overflow: hidden;\" title=\"Lecteur vid\u00e9o Dailymotion\" src=\"https:\/\/www.dailymotion.com\/embed\/video\/xwfdli?autoplay=1\" width=\"100%\" height=\"100%\" frameborder=\"0\" allowfullscreen=\"allowfullscreen\"> <\/iframe><\/div><\/td><\/tr><\/tbody><\/table><\/div><\/div><\/div>\t\t\t\t\t\t\t\t<\/div>\n\t\t\t\t<\/div>\n\t\t\t\t\t<\/div>\n\t\t<\/div>\n\t\t\t\t\t<\/div>\n\t\t<\/section>\n\t\t\t\t<\/div>\n\t\t","protected":false},"excerpt":{"rendered":"<p>LE QUARTIER ENCHANTANT Le quartier enchantant\u00a0(LU PAR FABULOUS TROBADORS ET BOMBES 2 BAL) Claude Sicre, Tom Schamp Actes Sud Junior Toto Ou Tartare 31 Octobre 2006 Jeunesse \u00c0 propos :\u00a0Zaza habite le quartier enchantant, o\u00f9 les habitants font des choses extraordinaires\u2026 Et inventent des chansons \u00e0 chaque petite ou grande occasion ! que ce soit [&hellip;]<\/p>\n","protected":false},"author":1,"featured_media":0,"parent":0,"menu_order":0,"comment_status":"closed","ping_status":"closed","template":"","meta":{"ocean_post_layout":"","ocean_both_sidebars_style":"","ocean_both_sidebars_content_width":0,"ocean_both_sidebars_sidebars_width":0,"ocean_sidebar":"0","ocean_second_sidebar":"0","ocean_disable_margins":"enable","ocean_add_body_class":"","ocean_shortcode_before_top_bar":"","ocean_shortcode_after_top_bar":"","ocean_shortcode_before_header":"","ocean_shortcode_after_header":"","ocean_has_shortcode":"","ocean_shortcode_after_title":"","ocean_shortcode_before_footer_widgets":"","ocean_shortcode_after_footer_widgets":"","ocean_shortcode_before_footer_bottom":"","ocean_shortcode_after_footer_bottom":"","ocean_display_top_bar":"default","ocean_display_header":"default","ocean_header_style":"","ocean_center_header_left_menu":"0","ocean_custom_header_template":"0","ocean_custom_logo":0,"ocean_custom_retina_logo":0,"ocean_custom_logo_max_width":0,"ocean_custom_logo_tablet_max_width":0,"ocean_custom_logo_mobile_max_width":0,"ocean_custom_logo_max_height":0,"ocean_custom_logo_tablet_max_height":0,"ocean_custom_logo_mobile_max_height":0,"ocean_header_custom_menu":"0","ocean_menu_typo_font_family":"0","ocean_menu_typo_font_subset":"","ocean_menu_typo_font_size":0,"ocean_menu_typo_font_size_tablet":0,"ocean_menu_typo_font_size_mobile":0,"ocean_menu_typo_font_size_unit":"px","ocean_menu_typo_font_weight":"","ocean_menu_typo_font_weight_tablet":"","ocean_menu_typo_font_weight_mobile":"","ocean_menu_typo_transform":"","ocean_menu_typo_transform_tablet":"","ocean_menu_typo_transform_mobile":"","ocean_menu_typo_line_height":0,"ocean_menu_typo_line_height_tablet":0,"ocean_menu_typo_line_height_mobile":0,"ocean_menu_typo_line_height_unit":"","ocean_menu_typo_spacing":0,"ocean_menu_typo_spacing_tablet":0,"ocean_menu_typo_spacing_mobile":0,"ocean_menu_typo_spacing_unit":"","ocean_menu_link_color":"","ocean_menu_link_color_hover":"","ocean_menu_link_color_active":"","ocean_menu_link_background":"","ocean_menu_link_hover_background":"","ocean_menu_link_active_background":"","ocean_menu_social_links_bg":"","ocean_menu_social_hover_links_bg":"","ocean_menu_social_links_color":"","ocean_menu_social_hover_links_color":"","ocean_disable_title":"default","ocean_disable_heading":"default","ocean_post_title":"","ocean_post_subheading":"","ocean_post_title_style":"","ocean_post_title_background_color":"","ocean_post_title_background":0,"ocean_post_title_bg_image_position":"","ocean_post_title_bg_image_attachment":"","ocean_post_title_bg_image_repeat":"","ocean_post_title_bg_image_size":"","ocean_post_title_height":0,"ocean_post_title_bg_overlay":0.5,"ocean_post_title_bg_overlay_color":"","ocean_disable_breadcrumbs":"default","ocean_breadcrumbs_color":"","ocean_breadcrumbs_separator_color":"","ocean_breadcrumbs_links_color":"","ocean_breadcrumbs_links_hover_color":"","ocean_display_footer_widgets":"default","ocean_display_footer_bottom":"default","ocean_custom_footer_template":"0","footnotes":""},"class_list":["post-423","page","type-page","status-publish","hentry","entry"],"_links":{"self":[{"href":"https:\/\/www.escambiar.com\/index.php\/wp-json\/wp\/v2\/pages\/423","targetHints":{"allow":["GET"]}}],"collection":[{"href":"https:\/\/www.escambiar.com\/index.php\/wp-json\/wp\/v2\/pages"}],"about":[{"href":"https:\/\/www.escambiar.com\/index.php\/wp-json\/wp\/v2\/types\/page"}],"author":[{"embeddable":true,"href":"https:\/\/www.escambiar.com\/index.php\/wp-json\/wp\/v2\/users\/1"}],"replies":[{"embeddable":true,"href":"https:\/\/www.escambiar.com\/index.php\/wp-json\/wp\/v2\/comments?post=423"}],"version-history":[{"count":28,"href":"https:\/\/www.escambiar.com\/index.php\/wp-json\/wp\/v2\/pages\/423\/revisions"}],"predecessor-version":[{"id":1604,"href":"https:\/\/www.escambiar.com\/index.php\/wp-json\/wp\/v2\/pages\/423\/revisions\/1604"}],"wp:attachment":[{"href":"https:\/\/www.escambiar.com\/index.php\/wp-json\/wp\/v2\/media?parent=423"}],"curies":[{"name":"wp","href":"https:\/\/api.w.org\/{rel}","templated":true}]}}