{"id":220,"date":"2020-11-10T11:58:31","date_gmt":"2020-11-10T10:58:31","guid":{"rendered":"http:\/\/test.escambiar.com\/?page_id=220"},"modified":"2022-11-17T16:08:04","modified_gmt":"2022-11-17T15:08:04","slug":"les-comptines","status":"publish","type":"page","link":"https:\/\/www.escambiar.com\/index.php\/les-comptines\/","title":{"rendered":"les comptines de la r\u00e9cr\u00e9e"},"content":{"rendered":"\t\t<div data-elementor-type=\"wp-page\" data-elementor-id=\"220\" class=\"elementor elementor-220\">\n\t\t\t\t\t\t<section class=\"elementor-section elementor-top-section elementor-element elementor-element-57adf2f elementor-section-boxed elementor-section-height-default elementor-section-height-default\" data-id=\"57adf2f\" data-element_type=\"section\" data-e-type=\"section\">\n\t\t\t\t\t\t<div class=\"elementor-container elementor-column-gap-default\">\n\t\t\t\t\t<div class=\"elementor-column elementor-col-100 elementor-top-column elementor-element elementor-element-341eb6e\" data-id=\"341eb6e\" data-element_type=\"column\" data-e-type=\"column\">\n\t\t\t<div class=\"elementor-widget-wrap elementor-element-populated\">\n\t\t\t\t\t\t<div class=\"elementor-element elementor-element-78516bd elementor-widget elementor-widget-heading\" data-id=\"78516bd\" data-element_type=\"widget\" data-e-type=\"widget\" data-widget_type=\"heading.default\">\n\t\t\t\t<div class=\"elementor-widget-container\">\n\t\t\t\t\t<h1 class=\"elementor-heading-title elementor-size-xl\">les comptines de la r\u00e9cr\u00e9e<\/h1>\t\t\t\t<\/div>\n\t\t\t\t<\/div>\n\t\t\t\t\t<\/div>\n\t\t<\/div>\n\t\t\t\t\t<\/div>\n\t\t<\/section>\n\t\t\t\t<section class=\"elementor-section elementor-top-section elementor-element elementor-element-a87c085 elementor-section-boxed elementor-section-height-default elementor-section-height-default\" data-id=\"a87c085\" data-element_type=\"section\" data-e-type=\"section\">\n\t\t\t\t\t\t<div class=\"elementor-container elementor-column-gap-default\">\n\t\t\t\t\t<div class=\"elementor-column elementor-col-100 elementor-top-column elementor-element elementor-element-62af3d3\" data-id=\"62af3d3\" data-element_type=\"column\" data-e-type=\"column\">\n\t\t\t<div class=\"elementor-widget-wrap elementor-element-populated\">\n\t\t\t\t\t\t<div class=\"elementor-element elementor-element-4e16afb elementor-widget__width-initial elementor-widget elementor-widget-text-editor\" data-id=\"4e16afb\" data-element_type=\"widget\" data-e-type=\"widget\" data-widget_type=\"text-editor.default\">\n\t\t\t\t<div class=\"elementor-widget-container\">\n\t\t\t\t\t\t\t\t\t<p>\u00a0\u00bb Le carr\u00e9 de l&rsquo;hypot\u00e9nuse est \u00e9gal, si je ne m&rsquo;abuse, \u00e0 la somme des carr\u00e9s des deux autres c\u00f4t\u00e9s \u00ab\u00a0<br \/><span style=\"font-size: 13px;\">Comptine invent\u00e9e par Alphonse Allais pour rendre agr\u00e9ables les le\u00e7ons de g\u00e9om\u00e9trie.<\/span><\/p>\t\t\t\t\t\t\t\t<\/div>\n\t\t\t\t<\/div>\n\t\t\t\t<div class=\"elementor-element elementor-element-b748164 elementor-widget__width-initial elementor-widget elementor-widget-text-editor\" data-id=\"b748164\" data-element_type=\"widget\" data-e-type=\"widget\" data-widget_type=\"text-editor.default\">\n\t\t\t\t<div class=\"elementor-widget-container\">\n\t\t\t\t\t\t\t\t\t<p>\u00a0\u00bb Cr\u00e9er un poncif, voil\u00e0 le g\u00e9nie \u00ab\u00a0<br \/>Charles Beaudelaire<\/p>\t\t\t\t\t\t\t\t<\/div>\n\t\t\t\t<\/div>\n\t\t\t\t<div class=\"elementor-element elementor-element-00a0d6f elementor-widget elementor-widget-text-editor\" data-id=\"00a0d6f\" data-element_type=\"widget\" data-e-type=\"widget\" data-widget_type=\"text-editor.default\">\n\t\t\t\t<div class=\"elementor-widget-container\">\n\t\t\t\t\t\t\t\t\t<p style=\"text-align: justify;\"><img fetchpriority=\"high\" decoding=\"async\" class=\"alignright wp-image-409 size-large\" src=\"http:\/\/www2.escambiar.com\/wp-content\/uploads\/2022\/02\/Comptines-de-la-re\u0301cre\u0301-scaled-1-724x1024.jpg\" alt=\"\" width=\"724\" height=\"1024\" srcset=\"https:\/\/www.escambiar.com\/wp-content\/uploads\/2022\/02\/Comptines-de-la-re\u0301cre\u0301-scaled-1-724x1024.jpg 724w, https:\/\/www.escambiar.com\/wp-content\/uploads\/2022\/02\/Comptines-de-la-re\u0301cre\u0301-scaled-1-212x300.jpg 212w, https:\/\/www.escambiar.com\/wp-content\/uploads\/2022\/02\/Comptines-de-la-re\u0301cre\u0301-scaled-1-768x1086.jpg 768w, https:\/\/www.escambiar.com\/wp-content\/uploads\/2022\/02\/Comptines-de-la-re\u0301cre\u0301-scaled-1-1086x1536.jpg 1086w, https:\/\/www.escambiar.com\/wp-content\/uploads\/2022\/02\/Comptines-de-la-re\u0301cre\u0301-scaled-1-1448x2048.jpg 1448w, https:\/\/www.escambiar.com\/wp-content\/uploads\/2022\/02\/Comptines-de-la-re\u0301cre\u0301-scaled-1.jpg 1810w\" sizes=\"(max-width: 724px) 100vw, 724px\" \/>Autrefois, les comptines et autres formulettes \u00e0 la fois musicales et langagi\u00e8res (paroles venant s&rsquo;imbriquer dans un air pr\u00e9existant)s&rsquo;apprenaient en famille, dans diverses institutions (\u00e9glises, m\u00e9tiers&#8230;) ou alors entre enfants, sur la place du village ou du quartier. Puis il y a eu l&rsquo;\u00e9cole, et elles se sont invit\u00e9es \u00e0 la r\u00e9cr\u00e9. Gr\u00e2ce \u00e0 certains \u00e9ducateurs,elles ont f\u00e9cond\u00e9 les travaux de la classe. Aujourd&rsquo;hui, si la famille reste un lieu privil\u00e9gi\u00e9de leur transmission, c&rsquo;est surtout en classe qu&rsquo;on les apprend et qu&rsquo;on joue avec. La classe a donc maintenant pour r\u00f4le, avec les familles, de f\u00e9conder la r\u00e9cr\u00e9, et la rue, <b>de telle fa\u00e7on<\/b> que la rue et la r\u00e9cr\u00e9 viennent bient\u00f4t la ref\u00e9conder \u00e0 leur tour. Et que ces all\u00e9es-venues n&rsquo;en finissent jamais. Est-ce important ? Oui, si l&rsquo;on consid\u00e8re que comptines et chantines (alterniance couplets-refrain, alternance solo-choeur), dont les adultes se servent depuis toujours pour amuser et \u00e9duquer les enfants, servent aussi aux enfants pour s&rsquo;amuser et s&rsquo;\u00e9duquer entre eux. Oui, si l&rsquo;on consid\u00e8re qu&rsquo;avec les comptines ils s&rsquo;amusent \u00e0 apprendre, tout d&rsquo;abord ce qu&rsquo;ils savent devoir apprendre (l&rsquo;air, les paroles, les gestes, les r\u00e8gles du jeu quand il y a jeu), mais aussi, et surtout, tout ce qu&rsquo;ils ne savent pas qu&rsquo;ils apprennent. Avec les comptines au sens large, et en y ajoutant les n\u00f4tres, les enfants apprennent, s&rsquo;exercent et jouent \u00e0 donner de la voix, imiter, mimer, chanter, incanter, psalmodier, parler, conter, compter, associer des paroles et des gestes, battre la mesure, sauter, danser, nommer, \u00e9num\u00e9rer, inventer des histoires, lire et \u00e9crire (mais oui!), versifier, aller &#8211; \u00e0 la grande stup\u00e9faction des employ\u00e9s &#8211; demander \u00e0 la biblioth\u00e8que des livres de po\u00e9sie pour chercher des mots qui \u00ab\u00a0riment\u00a0\u00bb, \u00e9couter ce que chantent les autres, chanter avec les autres, se transformer en juges ou en gendarmes pour faire respecter le r\u00e8glement, repenser collectivement ledit r\u00e8glement, contester la version de sa grand-m\u00e8re, siffloter avec son grand-p\u00e8re, solfier, musiquer &#8211; <b>les comptines ou chantines sont dans le monde entier la premi\u00e8re et la meilleure \u00e9cole de musique<\/b> -, mentir pour de semblant, se changer en magicien, en sorci\u00e8re ou en tout ce qu&rsquo;il veulent, dire des gros mots qui tombent bien, laisser libre cours \u00e0 des pulsions ailleurs rentr\u00e9es, alphab\u00e9tiser, grammatiquer, dire des phrases sans aucun sens connu, d\u00e9former des phrases c\u00e9l\u00e8bres, vaincre des difficult\u00e9s de prononciation et d&rsquo;articulation pos\u00e9es l\u00e0 comme autant de pi\u00e8ges puis du coup se prendre pour les orthophonistes de leurs petits camarades, r\u00eaver et faire r\u00eaver \u00e0 voix haute, improviser parce qu&rsquo;on ne sait pas la suite ou parce qu&rsquo;il faut rallonger ou parce que \u00a0\u00bb c&rsquo;est ton tour, c&rsquo;est \u00e0 toi d&rsquo;improviser\u00a0\u00bb, se mettre en sc\u00e8ne, gagner et perdre sans en faire une maladie, perp\u00e9tuer d&rsquo;anciens rites m\u00e9connaissables, m\u00e9moriser et transmettre des recettes utilitaires, des \u00ab\u00a0attrapes\u00a0\u00bb qu&rsquo;il faut connaitre pour ne pas s&rsquo;y laisser prendre deux fois ou au contraire pour le plaisir de s&rsquo;y laisser prendre toute sa vie, des le\u00e7ons de morale ou au contraire des exemples d&rsquo;amoralit\u00e9 qui les feront r\u00e9flechir plus tard, des messages obscurs venus de la nuit des temps dont certains seront d\u00e9chiffr\u00e9s dans 10 000 ans peut-\u00eatre, inspirer des \u00e9crivains, des chansonniers et des comptiniers, invoquer des \u00eatres myst\u00e9rieux, \u00e9voquer des modes de vie disparus ou des mondes invisibles, remplir la phonction fatique, borisvianiser &#8211; voir L&rsquo;Automne \u00e0 P\u00e9kin, perfomativer, se pr\u00e9parer \u00e0 bien r\u00e9agir en cas d&rsquo;accident ou autres urgences, cr\u00e9er des poncifs&#8230; On pourrait \u00e0 l&rsquo;infini allonger la liste de tout ce \u00e0 quoi, express\u00e9ment et encore plus en passant, servent ou penvent servir les comptines, miracles de p\u00e9dagogie.<\/p><p style=\"text-align: justify;\">On nous dira que d&rsquo;autres jeux, d&rsquo;autres pratiques permettent les m\u00eames apprentissages. Certes. Mais le verbe, la voix, le rythme (les uns dans les autres) sont premiers, et les comptines ne sont que \u00e7a, n&rsquo;ont rien d&rsquo;autre que \u00e7a : modestement, elles se bornent \u00e0 l&rsquo;essentiel. D&rsquo;ailleurs, pour mesurer leur importance, voyez qui les imite : annonces, pubs, chansons, slogans politiques, consignes au public, titres d&rsquo;articles, g\u00e9n\u00e9riques &#8230; Y a-t-il mieux qu&rsquo;elles pour apprendre jeune \u00e0 jongler dans la jungle des jingles qui janglent (c&rsquo;est-\u00e0-dire qui tchatchent, en ancien fran\u00e7ois) ?<\/p><p style=\"text-align: justify;\">En fait, \u00a0\u00bbpr\u00e9cipit\u00e9s\u00a0\u00bb de culture, en lesquels fusionnent, et refusionnent sans cesse quand elles sont actives, les apports savants &#8211; pourquoi pas tr\u00e8s savants ? &#8211; et les apports populaires toujours en prise avec les besoins du moment (on change un nom&#8230;, on contextualise de mille fa\u00e7ons&#8230;), comptines et chantines sont des t\u00e9moins objectifs de la vitalit\u00e9 d&rsquo;une civilisation, et des acteurs irrempla\u00e7able de sa re-cr\u00e9ation quotidienne.<\/p><p style=\"text-align: justify;\">C&rsquo;est pourquoi il faut, all\u00e8grement, proposer toujours plus de comptines. Comme si on voulait couvrir tout le chant de la vie. De toutes fa\u00e7ons les enfants mettront vite aux oubliettes celles qui ne sont pas assez r\u00e9cr\u00e9atives. A coup s\u00fbr beaucoup des n\u00f4tres.<\/p><p style=\"text-align: justify;\">Les n\u00f4tres, justement. En dire un mot. En dire en premier &#8211; notre choix- que la plupart, qu&rsquo;elles s&rsquo;inspirent du folklore ou qu&rsquo;elles inventent de nouvelles formes*, sont con\u00e7ues pour mener les enfants \u00e0 \u00ab\u00a0trouver'\u00a0\u00bb (un mot manquant, une suite, une historiette entrant dans le canevas propos\u00e9&#8230;). Imporivsations orales ou \u00e9crites, qui peuvent \u00eatre pr\u00e9par\u00e9es, et qui peuvent \u00eatre lues aussi bien que chant\u00e9es, r\u00e9cit\u00e9es ou parl\u00e9es : rien de contradictoire. Nous donnons pour chaque comptine un \u00e9ventail non limitatif des possibilit\u00e9s de continuation, et leurs contraintes.<\/p><p style=\"text-align: justify;\">En dire aussi que presque toutes se dansent, et pas seulement faut de tout qui pr\u00e9sente, elle, un type de ronde nouveau particuli\u00e8rement convivial.<\/p><p style=\"text-align: justify;\">En dire enfin que beaucoup, avec d&rsquo;autres paroles mais m\u00eames musiques et m\u00eames arguments, ont eu du succ\u00e8s aupr\u00e8s de jeunes et d&rsquo;adultes. Rien de plus important, \u00e0 notre avis, que la communaut\u00e9 de r\u00e9pertoire entre g\u00e9n\u00e9rations. L&rsquo;enfant qui entend \u00ab\u00a0sa\u00a0\u00bb comptine sur un CD de sa grande soeur, ou dans un concert qui fait danser tout le monde, comprend avec plaisir qu&rsquo;il fait partie d&rsquo;une entit\u00e9 plus large que celle des \u00ab\u00a0enfants\u00a0\u00bb. L&rsquo;adolescent, qui au passage et parce qu&rsquo;il partage le r\u00e9pertoire, entre dans une ronde, montre des variantes de pas ou improvise des paroles sur le canevas, n&rsquo;a pas la r\u00e9action habituelle des grands face aux \u00ab\u00a0enfantillages\u00a0\u00bb. De m\u00eame, le saxophoniste, qui accepte l\u00e0 d&rsquo;apprendre des enfants o\u00f9 placer son solo, plut\u00f4t que de soli-loquer tout le long. Exemples v\u00e9cus ordinairement, fragments d&rsquo;une vie musicale id\u00e9ale.<\/p><p style=\"text-align: justify;\">Mais il y eu aussi l&rsquo;institutrice en retraite qui nous raconta avec \u00e9motion l&rsquo;\u00e9cole d&rsquo;autrefois, le papa c\u00e9libataire emp\u00eatr\u00e9 qui, en chantant l&rsquo;anniversaire de son fils, dit ce qu&rsquo;il n&rsquo;aurait jamais dit ailleurs ou encore les enfants qui, en improvisant sur Faut de tout, imagin\u00e8rent des solutions pour le jardin public. Et beaucoup d&rsquo;autres choses prouvant qu&rsquo;il n&rsquo;y pas loin de la vie musicale \u00e0 la vie tout court.<\/p><p style=\"text-align: justify;\">* Pour les musiques, qui s&rsquo;affronter \u00e0 quelques originalit\u00e9s (la simplicit\u00e9 enfermant du complexe), nous avons repris des airs du folklore languedocien et nordestin (Pernambouc&#8230;) ou nous en avons compos\u00e9 en essayant de faire aussi \u00ab\u00a0simple\u00a0\u00bb. Pour inventer de nouveaux canevas et de nouvelles paroles, nous nous sommes appuy\u00e9s uniquement sur la tradition francophone sauf pour les d\u00e9fis J&rsquo;ai go\u00fbt\u00e9 et J&rsquo;aime bien, limit\u00e9s du Nordeste (Moi aussi, du m\u00eame genre, a \u00e9t\u00e9 recueillie en Aveyron dans la tradition de langue d&rsquo;oc).<\/p>\t\t\t\t\t\t\t\t<\/div>\n\t\t\t\t<\/div>\n\t\t\t\t\t<\/div>\n\t\t<\/div>\n\t\t\t\t\t<\/div>\n\t\t<\/section>\n\t\t\t\t<\/div>\n\t\t","protected":false},"excerpt":{"rendered":"<p>les comptines de la r\u00e9cr\u00e9e \u00a0\u00bb Le carr\u00e9 de l&rsquo;hypot\u00e9nuse est \u00e9gal, si je ne m&rsquo;abuse, \u00e0 la somme des carr\u00e9s des deux autres c\u00f4t\u00e9s \u00ab\u00a0Comptine invent\u00e9e par Alphonse Allais pour rendre agr\u00e9ables les le\u00e7ons de g\u00e9om\u00e9trie. \u00a0\u00bb Cr\u00e9er un poncif, voil\u00e0 le g\u00e9nie \u00ab\u00a0Charles Beaudelaire Autrefois, les comptines et autres formulettes \u00e0 la fois [&hellip;]<\/p>\n","protected":false},"author":1,"featured_media":0,"parent":0,"menu_order":6,"comment_status":"closed","ping_status":"closed","template":"","meta":{"ocean_post_layout":"","ocean_both_sidebars_style":"","ocean_both_sidebars_content_width":0,"ocean_both_sidebars_sidebars_width":0,"ocean_sidebar":"0","ocean_second_sidebar":"0","ocean_disable_margins":"enable","ocean_add_body_class":"","ocean_shortcode_before_top_bar":"","ocean_shortcode_after_top_bar":"","ocean_shortcode_before_header":"","ocean_shortcode_after_header":"","ocean_has_shortcode":"","ocean_shortcode_after_title":"","ocean_shortcode_before_footer_widgets":"","ocean_shortcode_after_footer_widgets":"","ocean_shortcode_before_footer_bottom":"","ocean_shortcode_after_footer_bottom":"","ocean_display_top_bar":"default","ocean_display_header":"default","ocean_header_style":"","ocean_center_header_left_menu":"0","ocean_custom_header_template":"0","ocean_custom_logo":0,"ocean_custom_retina_logo":0,"ocean_custom_logo_max_width":0,"ocean_custom_logo_tablet_max_width":0,"ocean_custom_logo_mobile_max_width":0,"ocean_custom_logo_max_height":0,"ocean_custom_logo_tablet_max_height":0,"ocean_custom_logo_mobile_max_height":0,"ocean_header_custom_menu":"0","ocean_menu_typo_font_family":"0","ocean_menu_typo_font_subset":"","ocean_menu_typo_font_size":0,"ocean_menu_typo_font_size_tablet":0,"ocean_menu_typo_font_size_mobile":0,"ocean_menu_typo_font_size_unit":"px","ocean_menu_typo_font_weight":"","ocean_menu_typo_font_weight_tablet":"","ocean_menu_typo_font_weight_mobile":"","ocean_menu_typo_transform":"","ocean_menu_typo_transform_tablet":"","ocean_menu_typo_transform_mobile":"","ocean_menu_typo_line_height":0,"ocean_menu_typo_line_height_tablet":0,"ocean_menu_typo_line_height_mobile":0,"ocean_menu_typo_line_height_unit":"","ocean_menu_typo_spacing":0,"ocean_menu_typo_spacing_tablet":0,"ocean_menu_typo_spacing_mobile":0,"ocean_menu_typo_spacing_unit":"","ocean_menu_link_color":"","ocean_menu_link_color_hover":"","ocean_menu_link_color_active":"","ocean_menu_link_background":"","ocean_menu_link_hover_background":"","ocean_menu_link_active_background":"","ocean_menu_social_links_bg":"","ocean_menu_social_hover_links_bg":"","ocean_menu_social_links_color":"","ocean_menu_social_hover_links_color":"","ocean_disable_title":"default","ocean_disable_heading":"default","ocean_post_title":"","ocean_post_subheading":"","ocean_post_title_style":"","ocean_post_title_background_color":"","ocean_post_title_background":0,"ocean_post_title_bg_image_position":"","ocean_post_title_bg_image_attachment":"","ocean_post_title_bg_image_repeat":"","ocean_post_title_bg_image_size":"","ocean_post_title_height":0,"ocean_post_title_bg_overlay":0.5,"ocean_post_title_bg_overlay_color":"","ocean_disable_breadcrumbs":"default","ocean_breadcrumbs_color":"","ocean_breadcrumbs_separator_color":"","ocean_breadcrumbs_links_color":"","ocean_breadcrumbs_links_hover_color":"","ocean_display_footer_widgets":"default","ocean_display_footer_bottom":"default","ocean_custom_footer_template":"0","footnotes":""},"class_list":["post-220","page","type-page","status-publish","hentry","entry"],"_links":{"self":[{"href":"https:\/\/www.escambiar.com\/index.php\/wp-json\/wp\/v2\/pages\/220","targetHints":{"allow":["GET"]}}],"collection":[{"href":"https:\/\/www.escambiar.com\/index.php\/wp-json\/wp\/v2\/pages"}],"about":[{"href":"https:\/\/www.escambiar.com\/index.php\/wp-json\/wp\/v2\/types\/page"}],"author":[{"embeddable":true,"href":"https:\/\/www.escambiar.com\/index.php\/wp-json\/wp\/v2\/users\/1"}],"replies":[{"embeddable":true,"href":"https:\/\/www.escambiar.com\/index.php\/wp-json\/wp\/v2\/comments?post=220"}],"version-history":[{"count":7,"href":"https:\/\/www.escambiar.com\/index.php\/wp-json\/wp\/v2\/pages\/220\/revisions"}],"predecessor-version":[{"id":885,"href":"https:\/\/www.escambiar.com\/index.php\/wp-json\/wp\/v2\/pages\/220\/revisions\/885"}],"wp:attachment":[{"href":"https:\/\/www.escambiar.com\/index.php\/wp-json\/wp\/v2\/media?parent=220"}],"curies":[{"name":"wp","href":"https:\/\/api.w.org\/{rel}","templated":true}]}}