{"id":1329,"date":"2022-11-24T15:07:31","date_gmt":"2022-11-24T14:07:31","guid":{"rendered":"https:\/\/www.escambiar.com\/?page_id=1329"},"modified":"2024-01-29T12:39:12","modified_gmt":"2024-01-29T11:39:12","slug":"peuples-et-musiques-au-cinema","status":"publish","type":"page","link":"https:\/\/www.escambiar.com\/index.php\/peuples-et-musiques-au-cinema\/","title":{"rendered":"Peuples et Musiques au Cin\u00e9ma"},"content":{"rendered":"\t\t<div data-elementor-type=\"wp-page\" data-elementor-id=\"1329\" class=\"elementor elementor-1329\">\n\t\t\t\t\t\t<section class=\"elementor-section elementor-top-section elementor-element elementor-element-5a64072 elementor-section-boxed elementor-section-height-default elementor-section-height-default\" data-id=\"5a64072\" data-element_type=\"section\" data-e-type=\"section\">\n\t\t\t\t\t\t<div class=\"elementor-container elementor-column-gap-default\">\n\t\t\t\t\t<div class=\"elementor-column elementor-col-100 elementor-top-column elementor-element elementor-element-8086534\" data-id=\"8086534\" data-element_type=\"column\" data-e-type=\"column\">\n\t\t\t<div class=\"elementor-widget-wrap elementor-element-populated\">\n\t\t\t\t\t\t<div class=\"elementor-element elementor-element-8a1742a elementor-widget elementor-widget-image\" data-id=\"8a1742a\" data-element_type=\"widget\" data-e-type=\"widget\" data-widget_type=\"image.default\">\n\t\t\t\t<div class=\"elementor-widget-container\">\n\t\t\t\t\t\t\t\t\t\t\t\t\t\t\t\t<a href=\"https:\/\/www.peuplesetmusiquesaucinema.org\" target=\"_blank\">\n\t\t\t\t\t\t\t<img fetchpriority=\"high\" decoding=\"async\" width=\"768\" height=\"432\" src=\"https:\/\/www.escambiar.com\/wp-content\/uploads\/2022\/09\/affiches-empile\u0301es2-768x432.jpg\" class=\"attachment-medium_large size-medium_large wp-image-639\" alt=\"\" srcset=\"https:\/\/www.escambiar.com\/wp-content\/uploads\/2022\/09\/affiches-empile\u0301es2-768x432.jpg 768w, https:\/\/www.escambiar.com\/wp-content\/uploads\/2022\/09\/affiches-empile\u0301es2-300x169.jpg 300w, https:\/\/www.escambiar.com\/wp-content\/uploads\/2022\/09\/affiches-empile\u0301es2-1024x576.jpg 1024w, https:\/\/www.escambiar.com\/wp-content\/uploads\/2022\/09\/affiches-empile\u0301es2.jpg 1280w\" sizes=\"(max-width: 768px) 100vw, 768px\" \/>\t\t\t\t\t\t\t\t<\/a>\n\t\t\t\t\t\t\t\t\t\t\t\t\t\t\t<\/div>\n\t\t\t\t<\/div>\n\t\t\t\t<div class=\"elementor-element elementor-element-9715b33 elementor-widget elementor-widget-text-editor\" data-id=\"9715b33\" data-element_type=\"widget\" data-e-type=\"widget\" data-widget_type=\"text-editor.default\">\n\t\t\t\t<div class=\"elementor-widget-container\">\n\t\t\t\t\t\t\t\t\t<p style=\"text-align: center;\"><span style=\"font-size: 14pt;\"><strong>Retrouvez plus d&rsquo;informations sur <a href=\"https:\/\/www.peuplesetmusiquesaucinema.org\" target=\"_blank\" rel=\"noopener\">https:\/\/www.peuplesetmusiquesaucinema.org<\/a><\/strong><\/span><\/p>\n\u200b\n\n\u200b\n<table class=\" aligncenter\" style=\"height: 80px; width: 400px; border: 0px solid #000000;\" border=\"0\">\n<tbody>\n<tr style=\"height: 100px; border: 0px #000000 solid;\">\n<td style=\"width: 57.0787%; text-align: right; vertical-align: middle;\" align=\"right\" valign=\"middle\" width=\"250\"><span style=\"font-size: x-large; align: right;\"><strong><span style=\"font-size: 14pt;\">Ainsi que sur<\/span><\/strong>\u00a0<\/span><\/td>\n<td style=\"width: 13.4831%; text-align: center; vertical-align: middle;\" align=\"center\"><a href=\"https:\/\/www.facebook.com\/peuplesetmusiquesaucinema\/\"><img decoding=\"async\" class=\"alignnone wp-image-1344 size-full\" src=\"https:\/\/www.escambiar.com\/wp-content\/uploads\/2022\/11\/facebook.png\" alt=\"\" width=\"32\" height=\"32\" \/><\/a><\/td>\n<td style=\"width: 13.4831%; text-align: center; vertical-align: middle;\" align=\"center\"><a href=\"https:\/\/twitter.com\/festivalpmc\"><img decoding=\"async\" class=\"aligncenter\" src=\"http:\/\/www.peuplesetmusiquesaucinema.org\/wp-content\/uploads\/2020\/09\/Twitter_Logo_Blue-300x300.png\" alt=\"\" width=\"56\" height=\"56\" \/><\/a><\/td>\n<td style=\"width: 15.5056%; text-align: center; vertical-align: middle;\" align=\"center\"><a href=\"https:\/\/www.instagram.com\/festival_pmc\/\" target=\"_new\"><img loading=\"lazy\" decoding=\"async\" class=\"aligncenter\" src=\"http:\/\/www.peuplesetmusiquesaucinema.org\/wp-content\/uploads\/2020\/09\/glyph-logo_May2016-300x300.png\" alt=\"\" width=\"56\" height=\"56\" \/><\/a><\/td>\n<\/tr>\n<\/tbody>\n<\/table>\t\t\t\t\t\t\t\t<\/div>\n\t\t\t\t<\/div>\n\t\t\t\t<div class=\"elementor-element elementor-element-6d801ae elementor-widget__width-initial elementor-widget elementor-widget-text-editor\" data-id=\"6d801ae\" data-element_type=\"widget\" data-e-type=\"widget\" data-widget_type=\"text-editor.default\">\n\t\t\t\t<div class=\"elementor-widget-container\">\n\t\t\t\t\t\t\t\t\t<p><span style=\"font-size: 12pt;\">Le festival \u00ab\u00a0Peuples et Musiques au Cin\u00e9ma\u00a0\u00bb met \u00e0 l&rsquo;honneur chaque ann\u00e9e plusieurs peuples et leur musique \u00e0 travers le cin\u00e9ma qu&rsquo;il soit fiction ou documentaire.<br \/><\/span><span style=\"font-size: 12pt;\">Des films grand public, r\u00e9cents ou anciens, dans lesquels les musiques communautaires des peuples ont un r\u00f4le important, sont projet\u00e9s \u00e0 la Cin\u00e9math\u00e8que de Toulouse.<br \/><\/span><span style=\"font-size: 12pt;\">A ces projections se rajoutent animations musicales, stands, rencontres-d\u00e9bats, concerts et tout \u00e7a, en plein coeur de notre ville rose !<\/span><\/p>\t\t\t\t\t\t\t\t<\/div>\n\t\t\t\t<\/div>\n\t\t\t\t\t<\/div>\n\t\t<\/div>\n\t\t\t\t\t<\/div>\n\t\t<\/section>\n\t\t\t\t<section class=\"elementor-section elementor-top-section elementor-element elementor-element-2518263 elementor-section-boxed elementor-section-height-default elementor-section-height-default\" data-id=\"2518263\" data-element_type=\"section\" data-e-type=\"section\">\n\t\t\t\t\t\t<div class=\"elementor-container elementor-column-gap-default\">\n\t\t\t\t\t<div class=\"elementor-column elementor-col-100 elementor-top-column elementor-element elementor-element-446df46\" data-id=\"446df46\" data-element_type=\"column\" data-e-type=\"column\">\n\t\t\t<div class=\"elementor-widget-wrap elementor-element-populated\">\n\t\t\t\t\t\t<div class=\"elementor-element elementor-element-0ab23cf elementor-widget elementor-widget-video\" data-id=\"0ab23cf\" data-element_type=\"widget\" data-e-type=\"widget\" data-settings=\"{&quot;youtube_url&quot;:&quot;https:\\\/\\\/youtu.be\\\/kiQv5DL9bUA&quot;,&quot;video_type&quot;:&quot;youtube&quot;,&quot;controls&quot;:&quot;yes&quot;}\" data-widget_type=\"video.default\">\n\t\t\t\t<div class=\"elementor-widget-container\">\n\t\t\t\t\t\t\t<div class=\"elementor-wrapper elementor-open-inline\">\n\t\t\t<div class=\"elementor-video\"><\/div>\t\t<\/div>\n\t\t\t\t\t\t<\/div>\n\t\t\t\t<\/div>\n\t\t\t\t\t<\/div>\n\t\t<\/div>\n\t\t\t\t\t<\/div>\n\t\t<\/section>\n\t\t\t\t<section class=\"elementor-section elementor-top-section elementor-element elementor-element-37991b9 elementor-section-boxed elementor-section-height-default elementor-section-height-default\" data-id=\"37991b9\" data-element_type=\"section\" data-e-type=\"section\">\n\t\t\t\t\t\t<div class=\"elementor-container elementor-column-gap-default\">\n\t\t\t\t\t<div class=\"elementor-column elementor-col-100 elementor-top-column elementor-element elementor-element-4e89bef\" data-id=\"4e89bef\" data-element_type=\"column\" data-e-type=\"column\">\n\t\t\t<div class=\"elementor-widget-wrap elementor-element-populated\">\n\t\t\t\t\t\t<div class=\"elementor-element elementor-element-b9e0871 elementor-widget__width-initial elementor-widget elementor-widget-image-gallery\" data-id=\"b9e0871\" data-element_type=\"widget\" data-e-type=\"widget\" data-widget_type=\"image-gallery.default\">\n\t\t\t\t<div class=\"elementor-widget-container\">\n\t\t\t\t\t\t\t<div class=\"elementor-image-gallery\">\n\t\t\t<div class=\"mgl-root\" data-gallery-options=\"{&quot;image_ids&quot;:[&quot;107&quot;,&quot;110&quot;,&quot;109&quot;,&quot;108&quot;],&quot;id&quot;:&quot;69def152869e1&quot;,&quot;size&quot;:&quot;thumbnail&quot;,&quot;infinite&quot;:false,&quot;custom_class&quot;:null,&quot;link&quot;:&quot;file&quot;,&quot;is_preview&quot;:false,&quot;updir&quot;:&quot;https:\\\/\\\/www.escambiar.com\\\/wp-content\\\/uploads\\\/&quot;,&quot;captions&quot;:&quot;on-hover&quot;,&quot;animation&quot;:&quot;none&quot;,&quot;layout&quot;:&quot;masonry&quot;,&quot;justified_row_height&quot;:200,&quot;justified_gutter&quot;:5,&quot;masonry_gutter&quot;:5,&quot;masonry_columns&quot;:&quot;2&quot;,&quot;square_gutter&quot;:5,&quot;square_columns&quot;:5,&quot;cascade_gutter&quot;:5,&quot;class_id&quot;:&quot;mgl-gallery-69def152869e1&quot;,&quot;layouts&quot;:[],&quot;tiles_gutter&quot;:5,&quot;tiles_gutter_tablet&quot;:5,&quot;tiles_gutter_mobile&quot;:5,&quot;tiles_density&quot;:&quot;high&quot;,&quot;tiles_density_tablet&quot;:&quot;medium&quot;,&quot;tiles_density_mobile&quot;:&quot;low&quot;,&quot;horizontal_gutter&quot;:5,&quot;horizontal_image_height&quot;:500,&quot;horizontal_hide_scrollbar&quot;:false,&quot;carousel_gutter&quot;:5,&quot;carousel_arrow_nav_enabled&quot;:true,&quot;carousel_dot_nav_enabled&quot;:true,&quot;carousel_image_height&quot;:500,&quot;carousel_keep_aspect_ratio&quot;:false,&quot;map_gutter&quot;:10,&quot;map_height&quot;:400}\" data-gallery-images=\"[{&quot;caption&quot;:&quot;Peuples et Musiques au Cin\\u00e9ma La cour de la cin\\u00e9math\\u00e8que de Toulouse lors de la derni\\u00e8re \\u00e9dition du festival PMC&quot;,&quot;meta&quot;:{&quot;width&quot;:377,&quot;height&quot;:239,&quot;file&quot;:&quot;2020\\\/11\\\/galerie3.jpg&quot;,&quot;filesize&quot;:38390,&quot;sizes&quot;:{&quot;medium&quot;:{&quot;file&quot;:&quot;galerie3-300x190.jpg&quot;,&quot;width&quot;:300,&quot;height&quot;:190,&quot;mime-type&quot;:&quot;image\\\/jpeg&quot;,&quot;filesize&quot;:13735},&quot;thumbnail&quot;:{&quot;file&quot;:&quot;galerie3-150x150.jpg&quot;,&quot;width&quot;:150,&quot;height&quot;:150,&quot;mime-type&quot;:&quot;image\\\/jpeg&quot;,&quot;filesize&quot;:7380}},&quot;image_meta&quot;:{&quot;aperture&quot;:&quot;0&quot;,&quot;credit&quot;:&quot;&quot;,&quot;camera&quot;:&quot;&quot;,&quot;caption&quot;:&quot;&quot;,&quot;created_timestamp&quot;:&quot;0&quot;,&quot;copyright&quot;:&quot;&quot;,&quot;focal_length&quot;:&quot;0&quot;,&quot;iso&quot;:&quot;0&quot;,&quot;shutter_speed&quot;:&quot;0&quot;,&quot;title&quot;:&quot;&quot;,&quot;orientation&quot;:&quot;0&quot;,&quot;keywords&quot;:[],&quot;lens&quot;:&quot;&quot;}},&quot;id&quot;:&quot;107&quot;,&quot;img_html&quot;:&quot;&lt;img width=\\&quot;150\\&quot; height=\\&quot;150\\&quot; src=\\&quot;https:\\\/\\\/www.escambiar.com\\\/wp-content\\\/uploads\\\/2020\\\/11\\\/galerie3-150x150.jpg\\&quot; class=\\&quot;wp-image-107\\&quot; alt=\\&quot;\\&quot; draggable=\\&quot;\\&quot; sizes=\\&quot;50vw\\&quot; \\\/&gt;&quot;,&quot;link_href&quot;:&quot;https:\\\/\\\/www.escambiar.com\\\/wp-content\\\/uploads\\\/2020\\\/11\\\/galerie3.jpg&quot;,&quot;link_target&quot;:&quot;_self&quot;,&quot;link_rel&quot;:null,&quot;attributes&quot;:[]},{&quot;caption&quot;:&quot;Festival PMC Atelier d&#039;accord\\u00e9on diatonique d&#039;Arnaud-Bernard &amp;amp; Musicaires de Lauzervila : musique de bal traditionnel&quot;,&quot;meta&quot;:{&quot;width&quot;:377,&quot;height&quot;:238,&quot;file&quot;:&quot;2020\\\/11\\\/galerie6.jpg&quot;,&quot;filesize&quot;:37211,&quot;sizes&quot;:{&quot;medium&quot;:{&quot;file&quot;:&quot;galerie6-300x189.jpg&quot;,&quot;width&quot;:300,&quot;height&quot;:189,&quot;mime-type&quot;:&quot;image\\\/jpeg&quot;,&quot;filesize&quot;:13838},&quot;thumbnail&quot;:{&quot;file&quot;:&quot;galerie6-150x150.jpg&quot;,&quot;width&quot;:150,&quot;height&quot;:150,&quot;mime-type&quot;:&quot;image\\\/jpeg&quot;,&quot;filesize&quot;:6271}},&quot;image_meta&quot;:{&quot;aperture&quot;:&quot;0&quot;,&quot;credit&quot;:&quot;&quot;,&quot;camera&quot;:&quot;&quot;,&quot;caption&quot;:&quot;&quot;,&quot;created_timestamp&quot;:&quot;0&quot;,&quot;copyright&quot;:&quot;&quot;,&quot;focal_length&quot;:&quot;0&quot;,&quot;iso&quot;:&quot;0&quot;,&quot;shutter_speed&quot;:&quot;0&quot;,&quot;title&quot;:&quot;&quot;,&quot;orientation&quot;:&quot;0&quot;,&quot;keywords&quot;:[],&quot;lens&quot;:&quot;&quot;}},&quot;id&quot;:&quot;110&quot;,&quot;img_html&quot;:&quot;&lt;img width=\\&quot;150\\&quot; height=\\&quot;150\\&quot; src=\\&quot;https:\\\/\\\/www.escambiar.com\\\/wp-content\\\/uploads\\\/2020\\\/11\\\/galerie6-150x150.jpg\\&quot; class=\\&quot;wp-image-110\\&quot; alt=\\&quot;\\&quot; draggable=\\&quot;\\&quot; sizes=\\&quot;50vw\\&quot; \\\/&gt;&quot;,&quot;link_href&quot;:&quot;https:\\\/\\\/www.escambiar.com\\\/wp-content\\\/uploads\\\/2020\\\/11\\\/galerie6.jpg&quot;,&quot;link_target&quot;:&quot;_self&quot;,&quot;link_rel&quot;:null,&quot;attributes&quot;:[]},{&quot;caption&quot;:&quot;Festival PMC Des hu\\u00eetres, de bons petits vins, des producteurs et des musiques direct autour des cornemuses bodega de Branka Bodegaires&quot;,&quot;meta&quot;:{&quot;width&quot;:377,&quot;height&quot;:239,&quot;file&quot;:&quot;2020\\\/11\\\/galerie5.jpg&quot;,&quot;filesize&quot;:37628,&quot;sizes&quot;:{&quot;medium&quot;:{&quot;file&quot;:&quot;galerie5-300x190.jpg&quot;,&quot;width&quot;:300,&quot;height&quot;:190,&quot;mime-type&quot;:&quot;image\\\/jpeg&quot;,&quot;filesize&quot;:14281},&quot;thumbnail&quot;:{&quot;file&quot;:&quot;galerie5-150x150.jpg&quot;,&quot;width&quot;:150,&quot;height&quot;:150,&quot;mime-type&quot;:&quot;image\\\/jpeg&quot;,&quot;filesize&quot;:5900}},&quot;image_meta&quot;:{&quot;aperture&quot;:&quot;0&quot;,&quot;credit&quot;:&quot;&quot;,&quot;camera&quot;:&quot;&quot;,&quot;caption&quot;:&quot;&quot;,&quot;created_timestamp&quot;:&quot;0&quot;,&quot;copyright&quot;:&quot;&quot;,&quot;focal_length&quot;:&quot;0&quot;,&quot;iso&quot;:&quot;0&quot;,&quot;shutter_speed&quot;:&quot;0&quot;,&quot;title&quot;:&quot;&quot;,&quot;orientation&quot;:&quot;0&quot;,&quot;keywords&quot;:[],&quot;lens&quot;:&quot;&quot;}},&quot;id&quot;:&quot;109&quot;,&quot;img_html&quot;:&quot;&lt;img width=\\&quot;150\\&quot; height=\\&quot;150\\&quot; src=\\&quot;https:\\\/\\\/www.escambiar.com\\\/wp-content\\\/uploads\\\/2020\\\/11\\\/galerie5-150x150.jpg\\&quot; class=\\&quot;wp-image-109\\&quot; alt=\\&quot;\\&quot; draggable=\\&quot;\\&quot; sizes=\\&quot;50vw\\&quot; \\\/&gt;&quot;,&quot;link_href&quot;:&quot;https:\\\/\\\/www.escambiar.com\\\/wp-content\\\/uploads\\\/2020\\\/11\\\/galerie5.jpg&quot;,&quot;link_target&quot;:&quot;_self&quot;,&quot;link_rel&quot;:null,&quot;attributes&quot;:[]},{&quot;caption&quot;:&quot;Festival PMC D\\u00e9ambulation du march\\u00e9 Basilique Saint-Sernin de Toulouse \\u00e0 la Cin\\u00e9math\\u00e8que par l&#039;association France Malezi Comores: Chants des femmes et musiques traditionnelles Mohelli des hommes lors du mariage&quot;,&quot;meta&quot;:{&quot;width&quot;:377,&quot;height&quot;:239,&quot;file&quot;:&quot;2020\\\/11\\\/galerie4.jpg&quot;,&quot;filesize&quot;:55594,&quot;sizes&quot;:{&quot;medium&quot;:{&quot;file&quot;:&quot;galerie4-300x190.jpg&quot;,&quot;width&quot;:300,&quot;height&quot;:190,&quot;mime-type&quot;:&quot;image\\\/jpeg&quot;,&quot;filesize&quot;:19431},&quot;thumbnail&quot;:{&quot;file&quot;:&quot;galerie4-150x150.jpg&quot;,&quot;width&quot;:150,&quot;height&quot;:150,&quot;mime-type&quot;:&quot;image\\\/jpeg&quot;,&quot;filesize&quot;:8686}},&quot;image_meta&quot;:{&quot;aperture&quot;:&quot;0&quot;,&quot;credit&quot;:&quot;&quot;,&quot;camera&quot;:&quot;&quot;,&quot;caption&quot;:&quot;&quot;,&quot;created_timestamp&quot;:&quot;0&quot;,&quot;copyright&quot;:&quot;&quot;,&quot;focal_length&quot;:&quot;0&quot;,&quot;iso&quot;:&quot;0&quot;,&quot;shutter_speed&quot;:&quot;0&quot;,&quot;title&quot;:&quot;&quot;,&quot;orientation&quot;:&quot;0&quot;,&quot;keywords&quot;:[],&quot;lens&quot;:&quot;&quot;}},&quot;id&quot;:&quot;108&quot;,&quot;img_html&quot;:&quot;&lt;img width=\\&quot;150\\&quot; height=\\&quot;150\\&quot; src=\\&quot;https:\\\/\\\/www.escambiar.com\\\/wp-content\\\/uploads\\\/2020\\\/11\\\/galerie4-150x150.jpg\\&quot; class=\\&quot;wp-image-108\\&quot; alt=\\&quot;\\&quot; draggable=\\&quot;\\&quot; sizes=\\&quot;50vw\\&quot; \\\/&gt;&quot;,&quot;link_href&quot;:&quot;https:\\\/\\\/www.escambiar.com\\\/wp-content\\\/uploads\\\/2020\\\/11\\\/galerie4.jpg&quot;,&quot;link_target&quot;:&quot;_self&quot;,&quot;link_rel&quot;:null,&quot;attributes&quot;:[]}]\" data-atts=\"{&quot;ids&quot;:&quot;107,110,109,108&quot;,&quot;size&quot;:&quot;thumbnail&quot;,&quot;columns&quot;:&quot;2&quot;,&quot;link&quot;:&quot;file&quot;,&quot;layout&quot;:&quot;masonry&quot;}\"><div class=\"mgl-gallery-container\"><\/div><div class=\"mgl-gallery-images\"><a class=\"\" href=\"https:\/\/www.escambiar.com\/wp-content\/uploads\/2020\/11\/galerie3.jpg\" target=\"_self\" rel=\"\" aria-label=\"\"><img loading=\"lazy\" decoding=\"async\" width=\"150\" height=\"150\" src=\"https:\/\/www.escambiar.com\/wp-content\/uploads\/2020\/11\/galerie3-150x150.jpg\" class=\"wp-image-107\" alt=\"\" draggable=\"\" sizes=\"50vw\" \/><\/a><a class=\"\" href=\"https:\/\/www.escambiar.com\/wp-content\/uploads\/2020\/11\/galerie6.jpg\" target=\"_self\" rel=\"\" aria-label=\"\"><img loading=\"lazy\" decoding=\"async\" width=\"150\" height=\"150\" src=\"https:\/\/www.escambiar.com\/wp-content\/uploads\/2020\/11\/galerie6-150x150.jpg\" class=\"wp-image-110\" alt=\"\" draggable=\"\" sizes=\"50vw\" \/><\/a><a class=\"\" href=\"https:\/\/www.escambiar.com\/wp-content\/uploads\/2020\/11\/galerie5.jpg\" target=\"_self\" rel=\"\" aria-label=\"\"><img loading=\"lazy\" decoding=\"async\" width=\"150\" height=\"150\" src=\"https:\/\/www.escambiar.com\/wp-content\/uploads\/2020\/11\/galerie5-150x150.jpg\" class=\"wp-image-109\" alt=\"\" draggable=\"\" sizes=\"50vw\" \/><\/a><a class=\"\" href=\"https:\/\/www.escambiar.com\/wp-content\/uploads\/2020\/11\/galerie4.jpg\" target=\"_self\" rel=\"\" aria-label=\"\"><img loading=\"lazy\" decoding=\"async\" width=\"150\" height=\"150\" src=\"https:\/\/www.escambiar.com\/wp-content\/uploads\/2020\/11\/galerie4-150x150.jpg\" class=\"wp-image-108\" alt=\"\" draggable=\"\" sizes=\"50vw\" \/><\/a><\/div><\/div>\t\t<\/div>\n\t\t\t\t\t\t<\/div>\n\t\t\t\t<\/div>\n\t\t\t\t\t<\/div>\n\t\t<\/div>\n\t\t\t\t\t<\/div>\n\t\t<\/section>\n\t\t\t\t<\/div>\n\t\t","protected":false},"excerpt":{"rendered":"<p>Retrouvez plus d&rsquo;informations sur https:\/\/www.peuplesetmusiquesaucinema.org \u200b \u200b Ainsi que sur\u00a0 Le festival \u00ab\u00a0Peuples et Musiques au Cin\u00e9ma\u00a0\u00bb met \u00e0 l&rsquo;honneur chaque ann\u00e9e plusieurs peuples et leur musique \u00e0 travers le cin\u00e9ma qu&rsquo;il soit fiction ou documentaire.Des films grand public, r\u00e9cents ou anciens, dans lesquels les musiques communautaires des peuples ont un r\u00f4le important, sont projet\u00e9s [&hellip;]<\/p>\n","protected":false},"author":1,"featured_media":0,"parent":0,"menu_order":0,"comment_status":"closed","ping_status":"closed","template":"","meta":{"ocean_post_layout":"","ocean_both_sidebars_style":"","ocean_both_sidebars_content_width":0,"ocean_both_sidebars_sidebars_width":0,"ocean_sidebar":"0","ocean_second_sidebar":"0","ocean_disable_margins":"enable","ocean_add_body_class":"","ocean_shortcode_before_top_bar":"","ocean_shortcode_after_top_bar":"","ocean_shortcode_before_header":"","ocean_shortcode_after_header":"","ocean_has_shortcode":"","ocean_shortcode_after_title":"","ocean_shortcode_before_footer_widgets":"","ocean_shortcode_after_footer_widgets":"","ocean_shortcode_before_footer_bottom":"","ocean_shortcode_after_footer_bottom":"","ocean_display_top_bar":"default","ocean_display_header":"default","ocean_header_style":"","ocean_center_header_left_menu":"0","ocean_custom_header_template":"0","ocean_custom_logo":0,"ocean_custom_retina_logo":0,"ocean_custom_logo_max_width":0,"ocean_custom_logo_tablet_max_width":0,"ocean_custom_logo_mobile_max_width":0,"ocean_custom_logo_max_height":0,"ocean_custom_logo_tablet_max_height":0,"ocean_custom_logo_mobile_max_height":0,"ocean_header_custom_menu":"0","ocean_menu_typo_font_family":"0","ocean_menu_typo_font_subset":"","ocean_menu_typo_font_size":0,"ocean_menu_typo_font_size_tablet":0,"ocean_menu_typo_font_size_mobile":0,"ocean_menu_typo_font_size_unit":"px","ocean_menu_typo_font_weight":"","ocean_menu_typo_font_weight_tablet":"","ocean_menu_typo_font_weight_mobile":"","ocean_menu_typo_transform":"","ocean_menu_typo_transform_tablet":"","ocean_menu_typo_transform_mobile":"","ocean_menu_typo_line_height":0,"ocean_menu_typo_line_height_tablet":0,"ocean_menu_typo_line_height_mobile":0,"ocean_menu_typo_line_height_unit":"","ocean_menu_typo_spacing":0,"ocean_menu_typo_spacing_tablet":0,"ocean_menu_typo_spacing_mobile":0,"ocean_menu_typo_spacing_unit":"","ocean_menu_link_color":"","ocean_menu_link_color_hover":"","ocean_menu_link_color_active":"","ocean_menu_link_background":"","ocean_menu_link_hover_background":"","ocean_menu_link_active_background":"","ocean_menu_social_links_bg":"","ocean_menu_social_hover_links_bg":"","ocean_menu_social_links_color":"","ocean_menu_social_hover_links_color":"","ocean_disable_title":"default","ocean_disable_heading":"default","ocean_post_title":"","ocean_post_subheading":"","ocean_post_title_style":"","ocean_post_title_background_color":"","ocean_post_title_background":0,"ocean_post_title_bg_image_position":"","ocean_post_title_bg_image_attachment":"","ocean_post_title_bg_image_repeat":"","ocean_post_title_bg_image_size":"","ocean_post_title_height":0,"ocean_post_title_bg_overlay":0.5,"ocean_post_title_bg_overlay_color":"","ocean_disable_breadcrumbs":"default","ocean_breadcrumbs_color":"","ocean_breadcrumbs_separator_color":"","ocean_breadcrumbs_links_color":"","ocean_breadcrumbs_links_hover_color":"","ocean_display_footer_widgets":"default","ocean_display_footer_bottom":"default","ocean_custom_footer_template":"0","footnotes":""},"class_list":["post-1329","page","type-page","status-publish","hentry","entry"],"_links":{"self":[{"href":"https:\/\/www.escambiar.com\/index.php\/wp-json\/wp\/v2\/pages\/1329","targetHints":{"allow":["GET"]}}],"collection":[{"href":"https:\/\/www.escambiar.com\/index.php\/wp-json\/wp\/v2\/pages"}],"about":[{"href":"https:\/\/www.escambiar.com\/index.php\/wp-json\/wp\/v2\/types\/page"}],"author":[{"embeddable":true,"href":"https:\/\/www.escambiar.com\/index.php\/wp-json\/wp\/v2\/users\/1"}],"replies":[{"embeddable":true,"href":"https:\/\/www.escambiar.com\/index.php\/wp-json\/wp\/v2\/comments?post=1329"}],"version-history":[{"count":28,"href":"https:\/\/www.escambiar.com\/index.php\/wp-json\/wp\/v2\/pages\/1329\/revisions"}],"predecessor-version":[{"id":1650,"href":"https:\/\/www.escambiar.com\/index.php\/wp-json\/wp\/v2\/pages\/1329\/revisions\/1650"}],"wp:attachment":[{"href":"https:\/\/www.escambiar.com\/index.php\/wp-json\/wp\/v2\/media?parent=1329"}],"curies":[{"name":"wp","href":"https:\/\/api.w.org\/{rel}","templated":true}]}}