{"id":1045,"date":"2022-10-13T15:49:01","date_gmt":"2022-10-13T13:49:01","guid":{"rendered":"https:\/\/www2.escambiar.com\/?page_id=1045"},"modified":"2023-06-20T15:17:52","modified_gmt":"2023-06-20T13:17:52","slug":"les-nouveaux-cantadors","status":"publish","type":"page","link":"https:\/\/www.escambiar.com\/index.php\/les-nouveaux-cantadors\/","title":{"rendered":"Les Nouveaux Cantadors"},"content":{"rendered":"\t\t<div data-elementor-type=\"wp-page\" data-elementor-id=\"1045\" class=\"elementor elementor-1045\">\n\t\t\t\t\t\t<section class=\"elementor-section elementor-top-section elementor-element elementor-element-651ad39 elementor-section-boxed elementor-section-height-default elementor-section-height-default\" data-id=\"651ad39\" data-element_type=\"section\" data-e-type=\"section\">\n\t\t\t\t\t\t<div class=\"elementor-container elementor-column-gap-default\">\n\t\t\t\t\t<div class=\"elementor-column elementor-col-100 elementor-top-column elementor-element elementor-element-5f50957\" data-id=\"5f50957\" data-element_type=\"column\" data-e-type=\"column\">\n\t\t\t<div class=\"elementor-widget-wrap elementor-element-populated\">\n\t\t\t\t\t\t<div class=\"elementor-element elementor-element-134e7e1 elementor-widget elementor-widget-text-editor\" data-id=\"134e7e1\" data-element_type=\"widget\" data-e-type=\"widget\" data-widget_type=\"text-editor.default\">\n\t\t\t\t<div class=\"elementor-widget-container\">\n\t\t\t\t\t\t\t\t\t<p style=\"text-align: center;\"><strong><span style=\"font-size: 18pt;\"><img fetchpriority=\"high\" decoding=\"async\" class=\"size-medium wp-image-1051 alignright\" src=\"http:\/\/www2.escambiar.com\/wp-content\/uploads\/2022\/10\/Nvx-Cantadors-de-Tolosa-282x300.jpg\" alt=\"\" width=\"282\" height=\"300\" data-wp-editing=\"1\" srcset=\"https:\/\/www.escambiar.com\/wp-content\/uploads\/2022\/10\/Nvx-Cantadors-de-Tolosa-282x300.jpg 282w, https:\/\/www.escambiar.com\/wp-content\/uploads\/2022\/10\/Nvx-Cantadors-de-Tolosa-964x1024.jpg 964w, https:\/\/www.escambiar.com\/wp-content\/uploads\/2022\/10\/Nvx-Cantadors-de-Tolosa-768x816.jpg 768w, https:\/\/www.escambiar.com\/wp-content\/uploads\/2022\/10\/Nvx-Cantadors-de-Tolosa-1445x1536.jpg 1445w, https:\/\/www.escambiar.com\/wp-content\/uploads\/2022\/10\/Nvx-Cantadors-de-Tolosa.jpg 1927w\" sizes=\"(max-width: 282px) 100vw, 282px\" \/><\/span><\/strong><\/p><p style=\"text-align: center;\"><span style=\"font-size: 24pt;\"><strong>Les nouveaux Cantadors<\/strong><\/span> <br \/><span style=\"font-size: 14pt;\"><strong>Humour et sagesse typiques du quartier Arnaud-Bernard, duels de tchatches accompagn\u00e9s \u00e0 la guitare<\/strong><\/span><\/p><p><strong>Que chantent les \u00ab Nouveaux Cantadors \u00bb ?<\/strong> : Ils sont 2 sur sc\u00e8ne, avec des guitares nordestines (violas), et \u00e9changent des propos, des questions- r\u00e9ponses, des traits-ripostes (joutes) par leurs 2 voix altern\u00e9es. Textes \u00e9crits pour la plupart, mais les cantadors \u00e9tudient l\u2019improvisation \u2013 et la pratiquent, encore timidement, dans deux ou trois morceaux \u2013 qui est un but \u00e0 atteindre. A c\u00f4t\u00e9 de ce r\u00e9pertoire de ten\u00e7ons (ou ten\u00e7oons, ou encore ten\u00e7o), ils chantent en fonction des occasions, quelques chansons de circonstance qui appartiennent au chansonnier du quartier Arnaud-Bernard (Toulouse), et que chantent d\u2019autres groupes (Bombes 2 Bal, Fabulous Trobadors, Est\u00e9la dou Coqe, Chorale Civique, etc.).<\/p>\t\t\t\t\t\t\t\t<\/div>\n\t\t\t\t<\/div>\n\t\t\t\t\t<\/div>\n\t\t<\/div>\n\t\t\t\t\t<\/div>\n\t\t<\/section>\n\t\t\t\t<section class=\"elementor-section elementor-top-section elementor-element elementor-element-92f54ec elementor-section-boxed elementor-section-height-default elementor-section-height-default\" data-id=\"92f54ec\" data-element_type=\"section\" data-e-type=\"section\">\n\t\t\t\t\t\t<div class=\"elementor-container elementor-column-gap-default\">\n\t\t\t\t\t<div class=\"elementor-column elementor-col-100 elementor-top-column elementor-element elementor-element-00a0d7c\" data-id=\"00a0d7c\" data-element_type=\"column\" data-e-type=\"column\">\n\t\t\t<div class=\"elementor-widget-wrap elementor-element-populated\">\n\t\t\t\t\t\t<div class=\"elementor-element elementor-element-bad671a elementor-widget elementor-widget-text-editor\" data-id=\"bad671a\" data-element_type=\"widget\" data-e-type=\"widget\" data-widget_type=\"text-editor.default\">\n\t\t\t\t<div class=\"elementor-widget-container\">\n\t\t\t\t\t\t\t\t\t<p><strong><u><img decoding=\"async\" class=\"size-medium wp-image-1056 alignleft\" src=\"http:\/\/www2.escambiar.com\/wp-content\/uploads\/2022\/10\/Cantadors-legere-300x200.jpg\" alt=\"\" width=\"300\" height=\"200\" srcset=\"https:\/\/www.escambiar.com\/wp-content\/uploads\/2022\/10\/Cantadors-legere-300x200.jpg 300w, https:\/\/www.escambiar.com\/wp-content\/uploads\/2022\/10\/Cantadors-legere-1024x683.jpg 1024w, https:\/\/www.escambiar.com\/wp-content\/uploads\/2022\/10\/Cantadors-legere-768x512.jpg 768w, https:\/\/www.escambiar.com\/wp-content\/uploads\/2022\/10\/Cantadors-legere-1536x1024.jpg 1536w, https:\/\/www.escambiar.com\/wp-content\/uploads\/2022\/10\/Cantadors-legere-2048x1365.jpg 2048w\" sizes=\"(max-width: 300px) 100vw, 300px\" \/><\/u>\u00c7a ne sort pas de nulle part :\u00a0<\/strong>C\u2019est en 1983 que Claude Sicre d\u00e9couvre, sur cassette de collectage pr\u00eat\u00e9e par un ami br\u00e9silien, la musique populaire rurale du Nordeste br\u00e9silien\u00a0: Forr\u00f2 (le bal musette\/trad), \u00ab\u00a0emboladores\u00a0\u00bb (chanteurs\/improvisateurs s\u2019accompagnant de tambourin) et \u00ab\u00a0violeiros\u00a0\u00bb (chanteurs\/improvisateurs s\u2019accompagnant \u00e0 la guitare). Imm\u00e9diat coup de foudre\u00a0: tout \u00e7a tombe \u00e0 pic pour irriguer la tradition occitane\u00a0: langues qui se ressemblent, traditions communes (d\u2019origine latine et catholique, souvent), m\u00e9lodies souvent venues des m\u00eames sources. Mais, au Nordeste, les m\u00e9lodies ont \u00e9t\u00e9 influenc\u00e9es par les traditions africaines et indiennes, ainsi que les rythmes.Tout ce qui manque \u00e0 la tradition occitane, classifi\u00e9e, \u00e9galis\u00e9e, uniformis\u00e9e depuis longtemps. Le travail sur les emboladores, crois\u00e9 avec celui sur la ten\u00e7on (dispute) des trobadors occitans (qui, au Moyen-Age, rayonne dans toute l\u2019Europe et donc aussi au Portugal et en Galice, qui export\u00e8rent tout \u00e7a au Br\u00e9sil, d\u2019o\u00f9 les parent\u00e9s), donnera le style qu\u2019illustrent les Fabulous Trobadors. Le travail sur le forr\u00f2 mettra plus de temps \u00e0 germer\u00a0; il faut trouver des musiciens \/ chanteurs(ses) \/ danseuses(eurs) int\u00e9ress\u00e9s. Tentatives avort\u00e9es d\u00e8s 1985, puis en 1998, les Fouteuses de Oua\u00ef, suivies de pr\u00e8s (1999\/2000) par les Bombes de Bal, o\u00f9 se marient musiques nordestines et occitanes, et les cr\u00e9ations qui inventent un style propre. Restait, pour le projet g\u00e9n\u00e9ral, \u00e0 monter un groupe de \u00ab\u00a0violeiros\u00a0\u00bb. Pendant des ann\u00e9es, tous les essais ont \u00e9t\u00e9 vains\u00a0: les chanteurs(ses)\/guitaristes \u00e0 la fran\u00e7aise contact\u00e9s sont imperm\u00e9ables au style. Mais Escambiar ne renonce pas. C\u2019est le propre fr\u00e8re de Claude, Patrick Sicre, qui s\u2019y met et, au bout de trois ans, nous trouverons enfin des personnes int\u00e9ress\u00e9es\u00a0: Marc et Jean-Pavel. Le groupe des Nouveaux Cantadors existe, qui, nous en sommes s\u00fbrs, fera des \u00e9mules.<\/p><p><strong>R\u00e9pertoire et Style : <\/strong>Nous avons emprunt\u00e9 toutes les musiques \u00e0 la tradition nordestine\u00a0: tout d\u2019abord parce que cr\u00e9er, dans ce domaine, demande des ann\u00e9es d\u2019\u00e9coute et de pratique, de respect et de compr\u00e9hension de l\u2019original, secundo parce que nous voulons garder un code commun pour les \u00e9changes avec les trovadores nordestins. Pour les paroles, les traductions n\u2019ont pas d\u2019int\u00e9r\u00eat, sauf exception. Il faut, au contraire, parler aux gens de notre pays, et cette forme de chanson, qu\u2019on appelle <u>ten\u00e7on<\/u>, et qui met en sc\u00e8ne un dialogue (ou un d\u00e9fi) est propre \u00e0 dire des choses sp\u00e9cifiques, non-dites dans d\u2019autres formes.<\/p>\t\t\t\t\t\t\t\t<\/div>\n\t\t\t\t<\/div>\n\t\t\t\t\t<\/div>\n\t\t<\/div>\n\t\t\t\t\t<\/div>\n\t\t<\/section>\n\t\t\t\t<section class=\"elementor-section elementor-top-section elementor-element elementor-element-2e0a81d elementor-section-boxed elementor-section-height-default elementor-section-height-default\" data-id=\"2e0a81d\" data-element_type=\"section\" data-e-type=\"section\">\n\t\t\t\t\t\t<div class=\"elementor-container elementor-column-gap-default\">\n\t\t\t\t\t<div class=\"elementor-column elementor-col-100 elementor-top-column elementor-element elementor-element-3f958f3\" data-id=\"3f958f3\" data-element_type=\"column\" data-e-type=\"column\">\n\t\t\t<div class=\"elementor-widget-wrap elementor-element-populated\">\n\t\t\t\t\t\t<div class=\"elementor-element elementor-element-20d50bb elementor-widget elementor-widget-video\" data-id=\"20d50bb\" data-element_type=\"widget\" data-e-type=\"widget\" data-settings=\"{&quot;youtube_url&quot;:&quot;https:\\\/\\\/youtu.be\\\/6VTUmzE-7k4&quot;,&quot;video_type&quot;:&quot;youtube&quot;,&quot;controls&quot;:&quot;yes&quot;}\" data-widget_type=\"video.default\">\n\t\t\t\t<div class=\"elementor-widget-container\">\n\t\t\t\t\t\t\t<div class=\"elementor-wrapper elementor-open-inline\">\n\t\t\t<div class=\"elementor-video\"><\/div>\t\t<\/div>\n\t\t\t\t\t\t<\/div>\n\t\t\t\t<\/div>\n\t\t\t\t\t<\/div>\n\t\t<\/div>\n\t\t\t\t\t<\/div>\n\t\t<\/section>\n\t\t\t\t<\/div>\n\t\t","protected":false},"excerpt":{"rendered":"<p>Les nouveaux Cantadors Humour et sagesse typiques du quartier Arnaud-Bernard, duels de tchatches accompagn\u00e9s \u00e0 la guitare Que chantent les \u00ab Nouveaux Cantadors \u00bb ? : Ils sont 2 sur sc\u00e8ne, avec des guitares nordestines (violas), et \u00e9changent des propos, des questions- r\u00e9ponses, des traits-ripostes (joutes) par leurs 2 voix altern\u00e9es. Textes \u00e9crits pour la [&hellip;]<\/p>\n","protected":false},"author":1,"featured_media":0,"parent":0,"menu_order":9,"comment_status":"closed","ping_status":"closed","template":"","meta":{"ocean_post_layout":"","ocean_both_sidebars_style":"","ocean_both_sidebars_content_width":0,"ocean_both_sidebars_sidebars_width":0,"ocean_sidebar":"0","ocean_second_sidebar":"0","ocean_disable_margins":"enable","ocean_add_body_class":"","ocean_shortcode_before_top_bar":"","ocean_shortcode_after_top_bar":"","ocean_shortcode_before_header":"","ocean_shortcode_after_header":"","ocean_has_shortcode":"","ocean_shortcode_after_title":"","ocean_shortcode_before_footer_widgets":"","ocean_shortcode_after_footer_widgets":"","ocean_shortcode_before_footer_bottom":"","ocean_shortcode_after_footer_bottom":"","ocean_display_top_bar":"default","ocean_display_header":"default","ocean_header_style":"","ocean_center_header_left_menu":"0","ocean_custom_header_template":"0","ocean_custom_logo":0,"ocean_custom_retina_logo":0,"ocean_custom_logo_max_width":0,"ocean_custom_logo_tablet_max_width":0,"ocean_custom_logo_mobile_max_width":0,"ocean_custom_logo_max_height":0,"ocean_custom_logo_tablet_max_height":0,"ocean_custom_logo_mobile_max_height":0,"ocean_header_custom_menu":"0","ocean_menu_typo_font_family":"0","ocean_menu_typo_font_subset":"","ocean_menu_typo_font_size":0,"ocean_menu_typo_font_size_tablet":0,"ocean_menu_typo_font_size_mobile":0,"ocean_menu_typo_font_size_unit":"px","ocean_menu_typo_font_weight":"","ocean_menu_typo_font_weight_tablet":"","ocean_menu_typo_font_weight_mobile":"","ocean_menu_typo_transform":"","ocean_menu_typo_transform_tablet":"","ocean_menu_typo_transform_mobile":"","ocean_menu_typo_line_height":0,"ocean_menu_typo_line_height_tablet":0,"ocean_menu_typo_line_height_mobile":0,"ocean_menu_typo_line_height_unit":"","ocean_menu_typo_spacing":0,"ocean_menu_typo_spacing_tablet":0,"ocean_menu_typo_spacing_mobile":0,"ocean_menu_typo_spacing_unit":"","ocean_menu_link_color":"","ocean_menu_link_color_hover":"","ocean_menu_link_color_active":"","ocean_menu_link_background":"","ocean_menu_link_hover_background":"","ocean_menu_link_active_background":"","ocean_menu_social_links_bg":"","ocean_menu_social_hover_links_bg":"","ocean_menu_social_links_color":"","ocean_menu_social_hover_links_color":"","ocean_disable_title":"default","ocean_disable_heading":"default","ocean_post_title":"","ocean_post_subheading":"","ocean_post_title_style":"","ocean_post_title_background_color":"","ocean_post_title_background":0,"ocean_post_title_bg_image_position":"","ocean_post_title_bg_image_attachment":"","ocean_post_title_bg_image_repeat":"","ocean_post_title_bg_image_size":"","ocean_post_title_height":0,"ocean_post_title_bg_overlay":0.5,"ocean_post_title_bg_overlay_color":"","ocean_disable_breadcrumbs":"default","ocean_breadcrumbs_color":"","ocean_breadcrumbs_separator_color":"","ocean_breadcrumbs_links_color":"","ocean_breadcrumbs_links_hover_color":"","ocean_display_footer_widgets":"default","ocean_display_footer_bottom":"default","ocean_custom_footer_template":"0","footnotes":""},"class_list":["post-1045","page","type-page","status-publish","hentry","entry"],"_links":{"self":[{"href":"https:\/\/www.escambiar.com\/index.php\/wp-json\/wp\/v2\/pages\/1045","targetHints":{"allow":["GET"]}}],"collection":[{"href":"https:\/\/www.escambiar.com\/index.php\/wp-json\/wp\/v2\/pages"}],"about":[{"href":"https:\/\/www.escambiar.com\/index.php\/wp-json\/wp\/v2\/types\/page"}],"author":[{"embeddable":true,"href":"https:\/\/www.escambiar.com\/index.php\/wp-json\/wp\/v2\/users\/1"}],"replies":[{"embeddable":true,"href":"https:\/\/www.escambiar.com\/index.php\/wp-json\/wp\/v2\/comments?post=1045"}],"version-history":[{"count":30,"href":"https:\/\/www.escambiar.com\/index.php\/wp-json\/wp\/v2\/pages\/1045\/revisions"}],"predecessor-version":[{"id":1620,"href":"https:\/\/www.escambiar.com\/index.php\/wp-json\/wp\/v2\/pages\/1045\/revisions\/1620"}],"wp:attachment":[{"href":"https:\/\/www.escambiar.com\/index.php\/wp-json\/wp\/v2\/media?parent=1045"}],"curies":[{"name":"wp","href":"https:\/\/api.w.org\/{rel}","templated":true}]}}