{"id":1013,"date":"2022-10-13T15:15:50","date_gmt":"2022-10-13T13:15:50","guid":{"rendered":"https:\/\/www2.escambiar.com\/?page_id=1013"},"modified":"2023-03-16T11:57:27","modified_gmt":"2023-03-16T10:57:27","slug":"chorale-civique-darnaud-bernard","status":"publish","type":"page","link":"https:\/\/www.escambiar.com\/index.php\/chorale-civique-darnaud-bernard\/","title":{"rendered":"Chorale civique d&rsquo;Arnaud-Bernard"},"content":{"rendered":"\t\t<div data-elementor-type=\"wp-page\" data-elementor-id=\"1013\" class=\"elementor elementor-1013\">\n\t\t\t\t\t\t<section class=\"elementor-section elementor-top-section elementor-element elementor-element-59a8485 elementor-section-boxed elementor-section-height-default elementor-section-height-default\" data-id=\"59a8485\" data-element_type=\"section\" data-e-type=\"section\">\n\t\t\t\t\t\t<div class=\"elementor-container elementor-column-gap-default\">\n\t\t\t\t\t<div class=\"elementor-column elementor-col-100 elementor-top-column elementor-element elementor-element-0079e04\" data-id=\"0079e04\" data-element_type=\"column\" data-e-type=\"column\">\n\t\t\t<div class=\"elementor-widget-wrap elementor-element-populated\">\n\t\t\t\t\t\t<div class=\"elementor-element elementor-element-3209ba0 elementor-widget elementor-widget-image\" data-id=\"3209ba0\" data-element_type=\"widget\" data-e-type=\"widget\" data-widget_type=\"image.default\">\n\t\t\t\t<div class=\"elementor-widget-container\">\n\t\t\t\t\t\t\t\t\t\t\t\t\t\t\t<img fetchpriority=\"high\" decoding=\"async\" width=\"768\" height=\"276\" src=\"https:\/\/www.escambiar.com\/wp-content\/uploads\/2022\/10\/tract-chorale-2009-768x276.jpg\" class=\"attachment-medium_large size-medium_large wp-image-1019\" alt=\"\" srcset=\"https:\/\/www.escambiar.com\/wp-content\/uploads\/2022\/10\/tract-chorale-2009-768x276.jpg 768w, https:\/\/www.escambiar.com\/wp-content\/uploads\/2022\/10\/tract-chorale-2009-300x108.jpg 300w, https:\/\/www.escambiar.com\/wp-content\/uploads\/2022\/10\/tract-chorale-2009-1024x368.jpg 1024w, https:\/\/www.escambiar.com\/wp-content\/uploads\/2022\/10\/tract-chorale-2009.jpg 1181w\" sizes=\"(max-width: 768px) 100vw, 768px\" \/>\t\t\t\t\t\t\t\t\t\t\t\t\t\t\t<\/div>\n\t\t\t\t<\/div>\n\t\t\t\t\t<\/div>\n\t\t<\/div>\n\t\t\t\t\t<\/div>\n\t\t<\/section>\n\t\t\t\t<section class=\"elementor-section elementor-top-section elementor-element elementor-element-f9c5311 elementor-section-boxed elementor-section-height-default elementor-section-height-default\" data-id=\"f9c5311\" data-element_type=\"section\" data-e-type=\"section\">\n\t\t\t\t\t\t<div class=\"elementor-container elementor-column-gap-default\">\n\t\t\t\t\t<div class=\"elementor-column elementor-col-100 elementor-top-column elementor-element elementor-element-ae18094\" data-id=\"ae18094\" data-element_type=\"column\" data-e-type=\"column\">\n\t\t\t<div class=\"elementor-widget-wrap elementor-element-populated\">\n\t\t\t\t\t\t<div class=\"elementor-element elementor-element-452aedb elementor-widget elementor-widget-text-editor\" data-id=\"452aedb\" data-element_type=\"widget\" data-e-type=\"widget\" data-widget_type=\"text-editor.default\">\n\t\t\t\t<div class=\"elementor-widget-container\">\n\t\t\t\t\t\t\t\t\t<p class=\"p1\">Une de nos activit\u00e9s en d\u00e9veloppement est la Chorale Civique d\u2019Arnaud Bernard et le Samu Musical.<\/p><ol class=\"ol1\"><li class=\"li3\">1) <span class=\"s1\">CHORALE CIVIQUE\u00a0:<\/span><\/li><\/ol><p class=\"p1\">Il s\u2019agit d\u2019une chorale qui fait chanter ensemble les gens d\u2019un m\u00eame quartier sans distinction d\u2019\u00e2ge, d\u2019horizons sociaux, culturels ou nationaux, et surtout sans distinction esth\u00e9tique. Les chanteurs faux, pas en rythme sont tous int\u00e9gr\u00e9s. Il y a m\u00eame dans cette chorale un sourd-muet.<\/p><p class=\"p1\">La Chorale a pour fonction de rassembler les diff\u00e9rentes personnes mais aussi de chanter pour des \u00e9v\u00e9nements calendaires, rituels ou autres\u00a0: anniversaires, d\u00e9parts \u00e0 la retraite, inaugurations, c\u00e9l\u00e9brations officielles (certains d\u2019entre vous ont pu voir la Chorale chanter pour que soient lib\u00e9r\u00e9s Florence Aubenas et de son guide \u00e0 la Halle aux Grains le 2 Mars dernier).<span class=\"Apple-converted-space\">\u00a0<\/span><\/p><p class=\"p1\">Nous pensons que ce type de chorale<span class=\"Apple-converted-space\">\u00a0<\/span><\/p><ul class=\"ul1\"><li class=\"li3\"><span class=\"s2\">\uf02d<\/span> est la r\u00e9ponse\u00a0\u00e0 l\u2019\u00e9chec des chorales esth\u00e9tiques qui malgr\u00e9 de nombreuses aides de toutes les institutions ne rassemblent que des m\u00e9lomanes pour des occasions uniquement esth\u00e9tiques.<\/li><li class=\"li3\"><span class=\"s2\">\uf02d<\/span> est une mani\u00e8re de retrouver un fonctionnement civique parmi les concitoyens d\u2019un village, d\u2019un quartier, d\u2019une cit\u00e9\u2026<\/li><\/ul><p class=\"p1\">Certains contacts et certains travaux directs de notre association (d\u00e9partement de Mayenne, Aubagne, Bouche du Rh\u00f4ne) nous font penser que ce type de chorale conna\u00eetra dans les ann\u00e9es \u00e0 venir un tr\u00e8s grand d\u00e9veloppement.<\/p><p class=\"p1\">Claude Sicre, mai 2005.<\/p>\t\t\t\t\t\t\t\t<\/div>\n\t\t\t\t<\/div>\n\t\t\t\t\t<\/div>\n\t\t<\/div>\n\t\t\t\t\t<\/div>\n\t\t<\/section>\n\t\t\t\t<section class=\"elementor-section elementor-top-section elementor-element elementor-element-a1d35c2 elementor-section-boxed elementor-section-height-default elementor-section-height-default\" data-id=\"a1d35c2\" data-element_type=\"section\" data-e-type=\"section\">\n\t\t\t\t\t\t<div class=\"elementor-container elementor-column-gap-default\">\n\t\t\t\t\t<div class=\"elementor-column elementor-col-100 elementor-top-column elementor-element elementor-element-62f506b\" data-id=\"62f506b\" data-element_type=\"column\" data-e-type=\"column\">\n\t\t\t<div class=\"elementor-widget-wrap elementor-element-populated\">\n\t\t\t\t\t\t<div class=\"elementor-element elementor-element-5f12eec elementor-widget elementor-widget-text-editor\" data-id=\"5f12eec\" data-element_type=\"widget\" data-e-type=\"widget\" data-widget_type=\"text-editor.default\">\n\t\t\t\t<div class=\"elementor-widget-container\">\n\t\t\t\t\t\t\t\t\t<p><a href=\"https:\/\/www.facebook.com\/choralecivique\" target=\"_blank\" rel=\"noopener\"><img decoding=\"async\" class=\"alignnone wp-image-1344 size-full\" title=\"Page Facebook de la Chorale Civique\" src=\"https:\/\/www.escambiar.com\/wp-content\/uploads\/2022\/11\/facebook.png\" alt=\"\" width=\"32\" height=\"32\" \/><\/a><\/p>\t\t\t\t\t\t\t\t<\/div>\n\t\t\t\t<\/div>\n\t\t\t\t\t<\/div>\n\t\t<\/div>\n\t\t\t\t\t<\/div>\n\t\t<\/section>\n\t\t\t\t<section class=\"elementor-section elementor-top-section elementor-element elementor-element-3081fb7 elementor-section-boxed elementor-section-height-default elementor-section-height-default\" data-id=\"3081fb7\" data-element_type=\"section\" data-e-type=\"section\">\n\t\t\t\t\t\t<div class=\"elementor-container elementor-column-gap-default\">\n\t\t\t\t\t<div class=\"elementor-column elementor-col-100 elementor-top-column elementor-element elementor-element-370bdbd\" data-id=\"370bdbd\" data-element_type=\"column\" data-e-type=\"column\">\n\t\t\t<div class=\"elementor-widget-wrap elementor-element-populated\">\n\t\t\t\t\t\t<div class=\"elementor-element elementor-element-efa08d8 gallery-spacing-custom elementor-widget elementor-widget-image-gallery\" data-id=\"efa08d8\" data-element_type=\"widget\" data-e-type=\"widget\" data-widget_type=\"image-gallery.default\">\n\t\t\t\t<div class=\"elementor-widget-container\">\n\t\t\t\t\t\t\t<div class=\"elementor-image-gallery\">\n\t\t\t<div id='gallery-1' class='gallery galleryid-1013 gallery-columns-3 gallery-size-thumbnail'><figure class='gallery-item'>\n\t\t\t<div class='gallery-icon portrait'>\n\t\t\t\t<a  href='https:\/\/www.escambiar.com\/wp-content\/uploads\/2022\/10\/choraleweb_1024.jpg'><img decoding=\"async\" width=\"150\" height=\"150\" src=\"https:\/\/www.escambiar.com\/wp-content\/uploads\/2022\/10\/choraleweb_1024-150x150.jpg\" class=\"attachment-thumbnail size-thumbnail\" alt=\"\" srcset=\"https:\/\/www.escambiar.com\/wp-content\/uploads\/2022\/10\/choraleweb_1024-150x150.jpg 150w, https:\/\/www.escambiar.com\/wp-content\/uploads\/2022\/10\/choraleweb_1024-600x600.jpg 600w\" sizes=\"(max-width: 150px) 100vw, 150px\" \/><\/a>\n\t\t\t<\/div><\/figure><figure class='gallery-item'>\n\t\t\t<div class='gallery-icon landscape'>\n\t\t\t\t<a  href='https:\/\/www.escambiar.com\/wp-content\/uploads\/2022\/10\/Chorale-civique-forom-.jpg'><img loading=\"lazy\" decoding=\"async\" width=\"150\" height=\"150\" src=\"https:\/\/www.escambiar.com\/wp-content\/uploads\/2022\/10\/Chorale-civique-forom--150x150.jpg\" class=\"attachment-thumbnail size-thumbnail\" alt=\"\" \/><\/a>\n\t\t\t<\/div><\/figure><figure class='gallery-item'>\n\t\t\t<div class='gallery-icon portrait'>\n\t\t\t\t<a  href='https:\/\/www.escambiar.com\/wp-content\/uploads\/2022\/10\/Chorale-et-accorde\u0301on-copy-scaled.jpg'><img loading=\"lazy\" decoding=\"async\" width=\"150\" height=\"150\" src=\"https:\/\/www.escambiar.com\/wp-content\/uploads\/2022\/10\/Chorale-et-accorde\u0301on-copy-150x150.jpg\" class=\"attachment-thumbnail size-thumbnail\" alt=\"\" srcset=\"https:\/\/www.escambiar.com\/wp-content\/uploads\/2022\/10\/Chorale-et-accorde\u0301on-copy-150x150.jpg 150w, https:\/\/www.escambiar.com\/wp-content\/uploads\/2022\/10\/Chorale-et-accorde\u0301on-copy-600x600.jpg 600w\" sizes=\"(max-width: 150px) 100vw, 150px\" \/><\/a>\n\t\t\t<\/div><\/figure><figure class='gallery-item'>\n\t\t\t<div class='gallery-icon portrait'>\n\t\t\t\t<a  href='https:\/\/www.escambiar.com\/wp-content\/uploads\/2022\/10\/choeur-resistance.jpg'><img loading=\"lazy\" decoding=\"async\" width=\"150\" height=\"150\" src=\"https:\/\/www.escambiar.com\/wp-content\/uploads\/2022\/10\/choeur-resistance-150x150.jpg\" class=\"attachment-thumbnail size-thumbnail\" alt=\"\" srcset=\"https:\/\/www.escambiar.com\/wp-content\/uploads\/2022\/10\/choeur-resistance-150x150.jpg 150w, https:\/\/www.escambiar.com\/wp-content\/uploads\/2022\/10\/choeur-resistance-600x600.jpg 600w\" sizes=\"(max-width: 150px) 100vw, 150px\" \/><\/a>\n\t\t\t<\/div><\/figure><figure class='gallery-item'>\n\t\t\t<div class='gallery-icon landscape'>\n\t\t\t\t<a  href='https:\/\/www.escambiar.com\/wp-content\/uploads\/2022\/10\/PMC-2011-2.jpg'><img loading=\"lazy\" decoding=\"async\" width=\"150\" height=\"150\" src=\"https:\/\/www.escambiar.com\/wp-content\/uploads\/2022\/10\/PMC-2011-2-150x150.jpg\" class=\"attachment-thumbnail size-thumbnail\" alt=\"\" srcset=\"https:\/\/www.escambiar.com\/wp-content\/uploads\/2022\/10\/PMC-2011-2-150x150.jpg 150w, https:\/\/www.escambiar.com\/wp-content\/uploads\/2022\/10\/PMC-2011-2-600x600.jpg 600w\" sizes=\"(max-width: 150px) 100vw, 150px\" \/><\/a>\n\t\t\t<\/div><\/figure><figure class='gallery-item'>\n\t\t\t<div class='gallery-icon portrait'>\n\t\t\t\t<a  href='https:\/\/www.escambiar.com\/wp-content\/uploads\/2022\/10\/tract-chorale-civique.jpg'><img loading=\"lazy\" decoding=\"async\" width=\"150\" height=\"150\" src=\"https:\/\/www.escambiar.com\/wp-content\/uploads\/2022\/10\/tract-chorale-civique-150x150.jpg\" class=\"attachment-thumbnail size-thumbnail\" alt=\"\" srcset=\"https:\/\/www.escambiar.com\/wp-content\/uploads\/2022\/10\/tract-chorale-civique-150x150.jpg 150w, https:\/\/www.escambiar.com\/wp-content\/uploads\/2022\/10\/tract-chorale-civique-595x600.jpg 595w\" sizes=\"(max-width: 150px) 100vw, 150px\" \/><\/a>\n\t\t\t<\/div><\/figure>\n\t\t<\/div>\n\t\t<\/div>\n\t\t\t\t\t\t<\/div>\n\t\t\t\t<\/div>\n\t\t\t\t\t<\/div>\n\t\t<\/div>\n\t\t\t\t\t<\/div>\n\t\t<\/section>\n\t\t\t\t<\/div>\n\t\t","protected":false},"excerpt":{"rendered":"<p>Une de nos activit\u00e9s en d\u00e9veloppement est la Chorale Civique d\u2019Arnaud Bernard et le Samu Musical. 1) CHORALE CIVIQUE\u00a0: Il s\u2019agit d\u2019une chorale qui fait chanter ensemble les gens d\u2019un m\u00eame quartier sans distinction d\u2019\u00e2ge, d\u2019horizons sociaux, culturels ou nationaux, et surtout sans distinction esth\u00e9tique. Les chanteurs faux, pas en rythme sont tous int\u00e9gr\u00e9s. Il [&hellip;]<\/p>\n","protected":false},"author":1,"featured_media":0,"parent":0,"menu_order":8,"comment_status":"closed","ping_status":"closed","template":"","meta":{"ocean_post_layout":"","ocean_both_sidebars_style":"","ocean_both_sidebars_content_width":0,"ocean_both_sidebars_sidebars_width":0,"ocean_sidebar":"0","ocean_second_sidebar":"0","ocean_disable_margins":"enable","ocean_add_body_class":"","ocean_shortcode_before_top_bar":"","ocean_shortcode_after_top_bar":"","ocean_shortcode_before_header":"","ocean_shortcode_after_header":"","ocean_has_shortcode":"","ocean_shortcode_after_title":"","ocean_shortcode_before_footer_widgets":"","ocean_shortcode_after_footer_widgets":"","ocean_shortcode_before_footer_bottom":"","ocean_shortcode_after_footer_bottom":"","ocean_display_top_bar":"default","ocean_display_header":"default","ocean_header_style":"","ocean_center_header_left_menu":"0","ocean_custom_header_template":"0","ocean_custom_logo":0,"ocean_custom_retina_logo":0,"ocean_custom_logo_max_width":0,"ocean_custom_logo_tablet_max_width":0,"ocean_custom_logo_mobile_max_width":0,"ocean_custom_logo_max_height":0,"ocean_custom_logo_tablet_max_height":0,"ocean_custom_logo_mobile_max_height":0,"ocean_header_custom_menu":"0","ocean_menu_typo_font_family":"0","ocean_menu_typo_font_subset":"","ocean_menu_typo_font_size":0,"ocean_menu_typo_font_size_tablet":0,"ocean_menu_typo_font_size_mobile":0,"ocean_menu_typo_font_size_unit":"px","ocean_menu_typo_font_weight":"","ocean_menu_typo_font_weight_tablet":"","ocean_menu_typo_font_weight_mobile":"","ocean_menu_typo_transform":"","ocean_menu_typo_transform_tablet":"","ocean_menu_typo_transform_mobile":"","ocean_menu_typo_line_height":0,"ocean_menu_typo_line_height_tablet":0,"ocean_menu_typo_line_height_mobile":0,"ocean_menu_typo_line_height_unit":"","ocean_menu_typo_spacing":0,"ocean_menu_typo_spacing_tablet":0,"ocean_menu_typo_spacing_mobile":0,"ocean_menu_typo_spacing_unit":"","ocean_menu_link_color":"","ocean_menu_link_color_hover":"","ocean_menu_link_color_active":"","ocean_menu_link_background":"","ocean_menu_link_hover_background":"","ocean_menu_link_active_background":"","ocean_menu_social_links_bg":"","ocean_menu_social_hover_links_bg":"","ocean_menu_social_links_color":"","ocean_menu_social_hover_links_color":"","ocean_disable_title":"default","ocean_disable_heading":"default","ocean_post_title":"","ocean_post_subheading":"","ocean_post_title_style":"","ocean_post_title_background_color":"","ocean_post_title_background":0,"ocean_post_title_bg_image_position":"","ocean_post_title_bg_image_attachment":"","ocean_post_title_bg_image_repeat":"","ocean_post_title_bg_image_size":"","ocean_post_title_height":0,"ocean_post_title_bg_overlay":0.5,"ocean_post_title_bg_overlay_color":"","ocean_disable_breadcrumbs":"default","ocean_breadcrumbs_color":"","ocean_breadcrumbs_separator_color":"","ocean_breadcrumbs_links_color":"","ocean_breadcrumbs_links_hover_color":"","ocean_display_footer_widgets":"default","ocean_display_footer_bottom":"default","ocean_custom_footer_template":"0","footnotes":""},"class_list":["post-1013","page","type-page","status-publish","hentry","entry"],"_links":{"self":[{"href":"https:\/\/www.escambiar.com\/index.php\/wp-json\/wp\/v2\/pages\/1013","targetHints":{"allow":["GET"]}}],"collection":[{"href":"https:\/\/www.escambiar.com\/index.php\/wp-json\/wp\/v2\/pages"}],"about":[{"href":"https:\/\/www.escambiar.com\/index.php\/wp-json\/wp\/v2\/types\/page"}],"author":[{"embeddable":true,"href":"https:\/\/www.escambiar.com\/index.php\/wp-json\/wp\/v2\/users\/1"}],"replies":[{"embeddable":true,"href":"https:\/\/www.escambiar.com\/index.php\/wp-json\/wp\/v2\/comments?post=1013"}],"version-history":[{"count":22,"href":"https:\/\/www.escambiar.com\/index.php\/wp-json\/wp\/v2\/pages\/1013\/revisions"}],"predecessor-version":[{"id":1594,"href":"https:\/\/www.escambiar.com\/index.php\/wp-json\/wp\/v2\/pages\/1013\/revisions\/1594"}],"wp:attachment":[{"href":"https:\/\/www.escambiar.com\/index.php\/wp-json\/wp\/v2\/media?parent=1013"}],"curies":[{"name":"wp","href":"https:\/\/api.w.org\/{rel}","templated":true}]}}